{"id":1063,"date":"2020-10-22T17:37:03","date_gmt":"2020-10-22T17:37:03","guid":{"rendered":"https:\/\/jeanlouisploix.com\/?page_id=1063"},"modified":"2022-10-02T20:20:01","modified_gmt":"2022-10-02T18:20:01","slug":"jean-louis-ploix-artiste-peintre","status":"publish","type":"page","link":"https:\/\/jeanlouisploix.com\/index.php\/jean-louis-ploix-artiste-peintre\/","title":{"rendered":"Actualit\u00e9s"},"content":{"rendered":"\t\t<div data-elementor-type=\"wp-post\" data-elementor-id=\"1063\" class=\"elementor elementor-1063\" data-elementor-settings=\"[]\">\n\t\t\t\t\t\t<div class=\"elementor-inner\">\n\t\t\t\t\t\t\t<div class=\"elementor-section-wrap\">\n\t\t\t\t\t\t\t<section class=\"elementor-section elementor-top-section elementor-element elementor-element-567911d elementor-section-content-middle elementor-section-boxed elementor-section-height-default elementor-section-height-default\" data-id=\"567911d\" data-element_type=\"section\" data-settings=\"{&quot;background_background&quot;:&quot;classic&quot;}\">\n\t\t\t\t\t\t\t<div class=\"elementor-background-overlay\"><\/div>\n\t\t\t\t\t\t\t<div class=\"elementor-container elementor-column-gap-no\">\n\t\t\t\t\t\t\t<div class=\"elementor-row\">\n\t\t\t\t\t<div class=\"elementor-column elementor-col-100 elementor-top-column elementor-element elementor-element-b3743c8\" data-id=\"b3743c8\" data-element_type=\"column\">\n\t\t\t<div class=\"elementor-column-wrap elementor-element-populated\">\n\t\t\t\t\t\t\t<div class=\"elementor-widget-wrap\">\n\t\t\t\t\t\t<div class=\"elementor-element elementor-element-82092e7 elementor-widget elementor-widget-heading\" data-id=\"82092e7\" data-element_type=\"widget\" data-widget_type=\"heading.default\">\n\t\t\t\t<div class=\"elementor-widget-container\">\n\t\t\t<p class=\"elementor-heading-title elementor-size-small\">JEAN LOUIS PLOIX<\/p>\t\t<\/div>\n\t\t\t\t<\/div>\n\t\t\t\t\t\t<\/div>\n\t\t\t\t\t<\/div>\n\t\t<\/div>\n\t\t\t\t\t\t\t\t<\/div>\n\t\t\t\t\t<\/div>\n\t\t<\/section>\n\t\t\t\t<section class=\"elementor-section elementor-top-section elementor-element elementor-element-72897bd elementor-section-content-middle elementor-section-full_width elementor-section-height-default elementor-section-height-default\" data-id=\"72897bd\" data-element_type=\"section\">\n\t\t\t\t\t\t<div class=\"elementor-container elementor-column-gap-no\">\n\t\t\t\t\t\t\t<div class=\"elementor-row\">\n\t\t\t\t\t<div class=\"elementor-column elementor-col-100 elementor-top-column elementor-element elementor-element-7199241\" data-id=\"7199241\" data-element_type=\"column\">\n\t\t\t<div class=\"elementor-column-wrap elementor-element-populated\">\n\t\t\t\t\t\t\t<div class=\"elementor-widget-wrap\">\n\t\t\t\t\t\t<div class=\"elementor-element elementor-element-0d439b3 elementor-widget elementor-widget-text-editor\" data-id=\"0d439b3\" data-element_type=\"widget\" data-widget_type=\"text-editor.default\">\n\t\t\t\t<div class=\"elementor-widget-container\">\n\t\t\t\t\t\t\t\t<div class=\"elementor-text-editor elementor-clearfix\">\n\t\t\t\t\t<div>\u00a0<\/div><div><img loading=\"lazy\" class=\"aligncenter wp-image-1083 size-large\" src=\"https:\/\/jeanlouisploix.com\/wp-content\/uploads\/2021\/07\/livre-1024x380.jpg\" alt=\"\" width=\"1024\" height=\"380\" srcset=\"https:\/\/jeanlouisploix.com\/wp-content\/uploads\/2021\/07\/livre-1024x380.jpg 1024w, https:\/\/jeanlouisploix.com\/wp-content\/uploads\/2021\/07\/livre-300x111.jpg 300w, https:\/\/jeanlouisploix.com\/wp-content\/uploads\/2021\/07\/livre-768x285.jpg 768w, https:\/\/jeanlouisploix.com\/wp-content\/uploads\/2021\/07\/livre-1536x570.jpg 1536w, https:\/\/jeanlouisploix.com\/wp-content\/uploads\/2021\/07\/livre.jpg 1741w\" sizes=\"(max-width: 1024px) 100vw, 1024px\" \/><\/div><div>\u00a0<\/div><div><span style=\"font-family: 'Times New Roman', serif; font-size: 12pt;\">J\u2019arrive au tournant de ma vie o\u00f9 tout en se projetant encore vers l\u2019avenir, il est souhaitable de jeter un regard lucide sur le pass\u00e9.<\/span><\/div><p class=\"MsoNormal\" style=\"margin-bottom: 0cm; text-align: justify; line-height: normal;\"><span style=\"font-size: 12.0pt;\">\u00a0<\/span><\/p><p class=\"MsoNormal\" style=\"margin-bottom: 0cm; text-align: justify; line-height: normal; mso-outline-level: 1;\"><span style=\"font-size: 12.0pt; font-family: 'Times New Roman',serif;\">Dans le d\u00e9roulement de mon parcours, qui maintenant s\u2019\u00e9tale sur plus de cinquante ann\u00e9es et un millier de toiles\u00a0; j\u2019ai pris conscience de l\u2019existence d\u2019un fil rouge, certes fragile, reliant les \u0153uvres les unes aux autres.<\/span><\/p><p class=\"MsoNormal\" style=\"margin-bottom: 0cm; text-align: justify; line-height: normal; mso-outline-level: 1;\"><span style=\"font-size: 12.0pt; font-family: 'Times New Roman',serif;\">\u00a0<\/span><\/p><p class=\"MsoNormal\" style=\"margin-bottom: 0cm; text-align: justify; line-height: normal; mso-outline-level: 1;\"><span style=\"font-size: 12.0pt; font-family: 'Times New Roman',serif;\">Le d\u00e9sir m\u2019est venu, de pousser l\u2019exp\u00e9rience jusqu\u2019\u00e0 son ach\u00e8vement.<\/span><\/p><p class=\"MsoNormal\" style=\"margin-bottom: 0cm; text-align: justify; line-height: normal; mso-outline-level: 1;\"><span style=\"font-size: 12.0pt; font-family: 'Times New Roman',serif;\">\u00a0<\/span><\/p><p class=\"MsoNormal\" style=\"margin-bottom: 0cm; text-align: justify; line-height: normal; mso-outline-level: 1;\"><span style=\"font-size: 12.0pt; font-family: 'Times New Roman',serif;\">Tel Th\u00e9s\u00e9e, tirer ce fil d\u2019Ariane de son anonymat et en faire la source d\u2019un livre qui exposerait mon cheminement pictural.<\/span><\/p><p class=\"MsoNormal\" style=\"margin-bottom: 0cm; text-align: justify; line-height: normal; mso-outline-level: 1;\"><span style=\"font-size: 12.0pt; font-family: 'Times New Roman',serif;\">Ce d\u00e9sir avou\u00e9, reste \u00e0 engendrer ce \u00ab Minotaure imaginaire \u00bb.<\/span><\/p><p class=\"MsoNormal\" style=\"margin-bottom: 0cm; text-align: justify; line-height: normal; mso-outline-level: 1;\"><span style=\"font-size: 12.0pt; font-family: 'Times New Roman',serif;\">\u00a0<\/span><\/p><p class=\"MsoNormal\" style=\"margin-bottom: 0cm; text-align: justify; line-height: normal;\"><span style=\"font-size: 12.0pt; font-family: 'Times New Roman',serif;\">Pendant une ann\u00e9e, aid\u00e9 par le confinement j\u2019ai plong\u00e9 dans les m\u00e9andres de ma vie\u00a0; vie consacr\u00e9e en grande partie, \u00e0 la peinture.<\/span><\/p><p class=\"MsoNormal\" style=\"margin-bottom: 0cm; text-align: justify;\"><span style=\"font-size: 12.0pt; line-height: 107%; font-family: 'Times New Roman',serif;\">J\u2019ai pris conscience que, d\u00e8s les premi\u00e8res toiles, j\u2019ai instaur\u00e9 un dialogue entre les choses, les b\u00eates, les dieux et les pierres\u00a0; retrouver en soi ce processus par lequel la vie irrigue la nature. <\/span><\/p><p class=\"MsoNormal\" style=\"margin-bottom: 0cm; text-align: justify;\"><span style=\"font-size: 12.0pt; line-height: 107%; font-family: 'Times New Roman',serif;\">\u00a0<\/span><\/p><p class=\"MsoNormal\" style=\"margin-bottom: 0cm; text-align: justify;\"><span style=\"font-size: 12.0pt; line-height: 107%; font-family: 'Times New Roman',serif;\">Cette fl\u00e8che ambitieuse traverse mon travail depuis les premi\u00e8res toiles jusqu\u2019aux plus r\u00e9centes. <\/span><\/p><p class=\"MsoNormal\" style=\"margin-bottom: 0cm; text-align: justify;\"><span style=\"font-size: 12.0pt; line-height: 107%; font-family: 'Times New Roman',serif;\">C\u2019est une des raisons pour laquelle, je n\u2019ai volontairement pas con\u00e7u un livre autobiographique pr\u00e9f\u00e9rant donner \u00e0 la peinture, \u00e0 la couleur le soin de raconter mon histoire. La v\u00e9ritable biographie d\u2019un artiste c\u2019est son \u0153uvre.<\/span><\/p><p class=\"MsoNormal\" style=\"margin-bottom: 0cm; text-align: justify;\"><span style=\"font-size: 12.0pt; line-height: 107%; font-family: 'Times New Roman',serif;\">Je vous propose de m\u2019accompagner dans ce voyage entre vie et mort, o\u00f9 j\u2019ai essay\u00e9, \u00f4 bien modestement, de partager <\/span><span style=\"font-size: 12.0pt; line-height: 107%; font-family: 'Times New Roman',serif; mso-fareast-font-family: 'Times New Roman'; mso-fareast-language: FR;\">ce que j\u2019ai re\u00e7u\u00a0: de diffuser ce fluide de Vie qui comme le dit Ma\u00eetre Ozu\u00a0est\u00a0:<b><i> <\/i><\/b><\/span><\/p><p class=\"MsoNormal\" style=\"margin-bottom: 0cm; text-align: justify;\"><i><span style=\"font-size: 12.0pt; line-height: 107%; font-family: 'Times New Roman',serif; mso-fareast-font-family: 'Times New Roman'; mso-fareast-language: FR;\">\u00a0\u00ab\u00a0La contemplation de l\u2019Eternit\u00e9 dans le mouvement m\u00eame de la Vie\u00a0\u00bb<\/span><\/i><\/p><p class=\"MsoNormal\" style=\"margin-bottom: 0cm; text-align: justify;\"><i><span style=\"font-size: 12.0pt; line-height: 107%; font-family: 'Times New Roman',serif; mso-fareast-font-family: 'Times New Roman'; mso-fareast-language: FR;\">\u00a0<\/span><\/i><\/p><p class=\"MsoNormal\" style=\"margin-bottom: 0cm; text-align: justify;\"><span style=\"font-size: 12.0pt; line-height: 107%; font-family: 'Times New Roman',serif; mso-fareast-font-family: 'Times New Roman'; mso-fareast-language: FR;\">Pour commander le livre envoyer un courriel \u00e0 <\/span><a href=\"mailto:jeanlouis.ploix@wanadoo.fr\"><span style=\"font-size: 12.0pt; line-height: 107%; font-family: 'Times New Roman',serif; mso-fareast-font-family: 'Times New Roman'; mso-fareast-language: FR;\">jeanlouis.ploix@wanadoo.fr<\/span><\/a><span style=\"font-size: 12.0pt; line-height: 107%; font-family: 'Times New Roman',serif; mso-fareast-font-family: 'Times New Roman'; mso-fareast-language: FR;\"> , avec votre adresse. Payement par ch\u00e8que ou virement\u00a0 :<\/span><\/p><p class=\"MsoNormal\" style=\"margin-bottom: 0cm; text-align: justify;\"><!-- [if !supportLists]--><span style=\"font-size: 12.0pt; line-height: 107%; font-family: Symbol; mso-fareast-font-family: Symbol; mso-bidi-font-family: Symbol;\">\u00b7<span style=\"font-style: normal; font-variant-numeric: normal; font-variant-east-asian: normal; font-weight: normal; font-stretch: normal; font-size: 7pt; line-height: normal; font-family: 'Times New Roman';\"> \u00a0\u00a0 <\/span><\/span><span style=\"font-size: 12.0pt; line-height: 107%; font-family: 'Times New Roman',serif;\">Prix \u00e0 l\u2019unit\u00e9\u00a0: 50 \u20ac (+ frais de port relais colis 5 \u20ac)<\/span><\/p><p class=\"MsoNormal\" style=\"margin-bottom: 0cm; text-align: justify;\"><!-- [if !supportLists]--><span style=\"font-size: 12.0pt; line-height: 107%; font-family: Symbol; mso-fareast-font-family: Symbol; mso-bidi-font-family: Symbol;\">\u00b7<span style=\"font-style: normal; font-variant-numeric: normal; font-variant-east-asian: normal; font-weight: normal; font-stretch: normal; font-size: 7pt; line-height: normal; font-family: 'Times New Roman';\"> \u00a0\u00a0 <\/span><\/span><span style=\"font-size: 12.0pt; line-height: 107%; font-family: 'Times New Roman',serif;\">370 pages, couverture + jaquette<\/span><\/p><p class=\"MsoNormal\" style=\"margin-bottom: 0cm; text-align: justify;\"><!-- [if !supportLists]--><span style=\"font-size: 12.0pt; line-height: 107%; font-family: Symbol; mso-fareast-font-family: Symbol; mso-bidi-font-family: Symbol;\">\u00b7<span style=\"font-style: normal; font-variant-numeric: normal; font-variant-east-asian: normal; font-weight: normal; font-stretch: normal; font-size: 7pt; line-height: normal; font-family: 'Times New Roman';\"> \u00a0\u00a0\u00a0 <\/span><\/span><span style=\"font-size: 12.0pt; line-height: 107%; font-family: 'Times New Roman',serif;\">Format 21 x 29.7<\/span><\/p><p class=\"MsoNormal\" style=\"margin-bottom: 0cm; text-align: justify;\"><!-- [if !supportLists]--><span style=\"font-size: 12.0pt; line-height: 107%; font-family: Symbol; mso-fareast-font-family: Symbol; mso-bidi-font-family: Symbol;\">\u00b7<span style=\"font-style: normal; font-variant-numeric: normal; font-variant-east-asian: normal; font-weight: normal; font-stretch: normal; font-size: 7pt; line-height: normal; font-family: 'Times New Roman';\"> \u00a0\u00a0\u00a0 <\/span><\/span><span style=\"font-size: 12.0pt; line-height: 107%; font-family: 'Times New Roman',serif;\">400 reproductions de toiles<\/span><\/p><p class=\"MsoNormal\" style=\"margin-bottom: 0cm; text-align: justify;\"><span style=\"text-indent: -18pt; font-size: 12pt; line-height: 107%; font-family: Symbol;\">\u00b7<span style=\"font-style: normal; font-variant-numeric: normal; font-variant-east-asian: normal; font-weight: normal; font-stretch: normal; font-size: 7pt; line-height: normal; font-family: 'Times New Roman';\"> \u00a0\u00a0\u00a0 <\/span><\/span><span style=\"text-indent: -18pt; font-size: 12pt; line-height: 107%; font-family: 'Times New Roman', serif;\">Poids 2,100 Kg<\/span><span style=\"font-size: 15px;\">.<\/span><\/p><h1 style=\"text-align: center;\"><span style=\"color: #26b58d;\">2022<\/span><\/h1><p style=\"text-align: center;\"><a href=\"https:\/\/jeanlouisploix.com\/wp-content\/uploads\/2022\/10\/Image_1.bmp\"><img loading=\"lazy\" class=\"wp-image-1124 aligncenter\" src=\"https:\/\/jeanlouisploix.com\/wp-content\/uploads\/2022\/10\/Image_1-212x300.jpg\" alt=\"\" width=\"390\" height=\"551\" srcset=\"https:\/\/jeanlouisploix.com\/wp-content\/uploads\/2022\/10\/Image_1-212x300.jpg 212w, https:\/\/jeanlouisploix.com\/wp-content\/uploads\/2022\/10\/Image_1-724x1024.jpg 724w, https:\/\/jeanlouisploix.com\/wp-content\/uploads\/2022\/10\/Image_1-768x1087.jpg 768w, https:\/\/jeanlouisploix.com\/wp-content\/uploads\/2022\/10\/Image_1.bmp 841w\" sizes=\"(max-width: 390px) 100vw, 390px\" \/><\/a><\/p><p>\u00a0<\/p>\t\t\t\t\t<\/div>\n\t\t\t\t\t\t<\/div>\n\t\t\t\t<\/div>\n\t\t\t\t\t\t<\/div>\n\t\t\t\t\t<\/div>\n\t\t<\/div>\n\t\t\t\t\t\t\t\t<\/div>\n\t\t\t\t\t<\/div>\n\t\t<\/section>\n\t\t\t\t\t\t<\/div>\n\t\t\t\t\t\t<\/div>\n\t\t\t\t\t<\/div>\n\t\t","protected":false},"excerpt":{"rendered":"<p>JEAN LOUIS PLOIX \u00a0\u00a0J\u2019arrive au tournant de ma vie o\u00f9 tout en se projetant encore vers l\u2019avenir, il est souhaitable de jeter un regard lucide sur le pass\u00e9. \u00a0 Dans le d\u00e9roulement de mon parcours, qui maintenant s\u2019\u00e9tale sur plus de cinquante ann\u00e9es et un millier de toiles\u00a0; j\u2019ai pris conscience de l\u2019existence d\u2019un fil &hellip;<\/p>\n<p class=\"read-more\"> <a class=\"\" href=\"https:\/\/jeanlouisploix.com\/index.php\/jean-louis-ploix-artiste-peintre\/\"> <span class=\"screen-reader-text\">Actualit\u00e9s<\/span> Lire la suite\u00a0\u00bb<\/a><\/p>\n","protected":false},"author":1,"featured_media":0,"parent":0,"menu_order":0,"comment_status":"closed","ping_status":"closed","template":"","meta":{"_monsterinsights_skip_tracking":false,"_monsterinsights_sitenote_active":false,"_monsterinsights_sitenote_note":"","_monsterinsights_sitenote_category":0},"yoast_head":"<!-- This site is optimized with the Yoast SEO plugin v16.7 - https:\/\/yoast.com\/wordpress\/plugins\/seo\/ -->\n<title>Actualit\u00e9s - jean louis ploix artiste peintre Fran\u00e7ais<\/title>\n<meta name=\"robots\" content=\"index, follow, max-snippet:-1, max-image-preview:large, max-video-preview:-1\" \/>\n<link rel=\"canonical\" href=\"https:\/\/jeanlouisploix.com\/index.php\/jean-louis-ploix-artiste-peintre\/\" \/>\n<meta property=\"og:locale\" content=\"fr_FR\" \/>\n<meta property=\"og:type\" content=\"article\" \/>\n<meta property=\"og:title\" content=\"Actualit\u00e9s - jean louis ploix artiste peintre Fran\u00e7ais\" \/>\n<meta property=\"og:description\" content=\"JEAN LOUIS PLOIX \u00a0\u00a0J\u2019arrive au tournant de ma vie o\u00f9 tout en se projetant encore vers l\u2019avenir, il est souhaitable de jeter un regard lucide sur le pass\u00e9. \u00a0 Dans le d\u00e9roulement de mon parcours, qui maintenant s\u2019\u00e9tale sur plus de cinquante ann\u00e9es et un millier de toiles\u00a0; j\u2019ai pris conscience de l\u2019existence d\u2019un fil &hellip; Actualit\u00e9s Lire la suite\u00a0\u00bb\" \/>\n<meta property=\"og:url\" content=\"https:\/\/jeanlouisploix.com\/index.php\/jean-louis-ploix-artiste-peintre\/\" \/>\n<meta property=\"og:site_name\" content=\"jean louis ploix artiste peintre Fran\u00e7ais\" \/>\n<meta property=\"article:modified_time\" content=\"2022-10-02T18:20:01+00:00\" \/>\n<meta property=\"og:image\" content=\"https:\/\/jeanlouisploix.com\/wp-content\/uploads\/2021\/07\/livre-1024x380.jpg\" \/>\n<meta name=\"twitter:card\" content=\"summary_large_image\" \/>\n<meta name=\"twitter:label1\" content=\"Dur\u00e9e de lecture est.\" \/>\n\t<meta name=\"twitter:data1\" content=\"2 minutes\" \/>\n<script type=\"application\/ld+json\" class=\"yoast-schema-graph\">{\"@context\":\"https:\/\/schema.org\",\"@graph\":[{\"@type\":\"WebSite\",\"@id\":\"http:\/\/jeanlouisploix.com\/#website\",\"url\":\"http:\/\/jeanlouisploix.com\/\",\"name\":\"jean louis ploix artiste peintre Fran\\u00e7ais\",\"description\":\"PLOIX Lumiere et mati\\u00e9re\",\"potentialAction\":[{\"@type\":\"SearchAction\",\"target\":{\"@type\":\"EntryPoint\",\"urlTemplate\":\"http:\/\/jeanlouisploix.com\/?s={search_term_string}\"},\"query-input\":\"required name=search_term_string\"}],\"inLanguage\":\"fr-FR\"},{\"@type\":\"ImageObject\",\"@id\":\"https:\/\/jeanlouisploix.com\/index.php\/jean-louis-ploix-artiste-peintre\/#primaryimage\",\"inLanguage\":\"fr-FR\",\"url\":\"https:\/\/jeanlouisploix.com\/wp-content\/uploads\/2021\/07\/livre.jpg\",\"contentUrl\":\"https:\/\/jeanlouisploix.com\/wp-content\/uploads\/2021\/07\/livre.jpg\",\"width\":1741,\"height\":646},{\"@type\":\"WebPage\",\"@id\":\"https:\/\/jeanlouisploix.com\/index.php\/jean-louis-ploix-artiste-peintre\/#webpage\",\"url\":\"https:\/\/jeanlouisploix.com\/index.php\/jean-louis-ploix-artiste-peintre\/\",\"name\":\"Actualit\\u00e9s - jean louis ploix artiste peintre Fran\\u00e7ais\",\"isPartOf\":{\"@id\":\"http:\/\/jeanlouisploix.com\/#website\"},\"primaryImageOfPage\":{\"@id\":\"https:\/\/jeanlouisploix.com\/index.php\/jean-louis-ploix-artiste-peintre\/#primaryimage\"},\"datePublished\":\"2020-10-22T17:37:03+00:00\",\"dateModified\":\"2022-10-02T18:20:01+00:00\",\"breadcrumb\":{\"@id\":\"https:\/\/jeanlouisploix.com\/index.php\/jean-louis-ploix-artiste-peintre\/#breadcrumb\"},\"inLanguage\":\"fr-FR\",\"potentialAction\":[{\"@type\":\"ReadAction\",\"target\":[\"https:\/\/jeanlouisploix.com\/index.php\/jean-louis-ploix-artiste-peintre\/\"]}]},{\"@type\":\"BreadcrumbList\",\"@id\":\"https:\/\/jeanlouisploix.com\/index.php\/jean-louis-ploix-artiste-peintre\/#breadcrumb\",\"itemListElement\":[{\"@type\":\"ListItem\",\"position\":1,\"name\":\"Accueil\",\"item\":\"http:\/\/jeanlouisploix.com\/\"},{\"@type\":\"ListItem\",\"position\":2,\"name\":\"Actualit\\u00e9s\"}]}]}<\/script>\n<!-- \/ Yoast SEO plugin. -->","yoast_head_json":{"title":"Actualit\u00e9s - jean louis ploix artiste peintre Fran\u00e7ais","robots":{"index":"index","follow":"follow","max-snippet":"max-snippet:-1","max-image-preview":"max-image-preview:large","max-video-preview":"max-video-preview:-1"},"canonical":"https:\/\/jeanlouisploix.com\/index.php\/jean-louis-ploix-artiste-peintre\/","og_locale":"fr_FR","og_type":"article","og_title":"Actualit\u00e9s - jean louis ploix artiste peintre Fran\u00e7ais","og_description":"JEAN LOUIS PLOIX \u00a0\u00a0J\u2019arrive au tournant de ma vie o\u00f9 tout en se projetant encore vers l\u2019avenir, il est souhaitable de jeter un regard lucide sur le pass\u00e9. \u00a0 Dans le d\u00e9roulement de mon parcours, qui maintenant s\u2019\u00e9tale sur plus de cinquante ann\u00e9es et un millier de toiles\u00a0; j\u2019ai pris conscience de l\u2019existence d\u2019un fil &hellip; Actualit\u00e9s Lire la suite\u00a0\u00bb","og_url":"https:\/\/jeanlouisploix.com\/index.php\/jean-louis-ploix-artiste-peintre\/","og_site_name":"jean louis ploix artiste peintre Fran\u00e7ais","article_modified_time":"2022-10-02T18:20:01+00:00","og_image":[{"url":"https:\/\/jeanlouisploix.com\/wp-content\/uploads\/2021\/07\/livre-1024x380.jpg"}],"twitter_card":"summary_large_image","twitter_misc":{"Dur\u00e9e de lecture est.":"2 minutes"},"schema":{"@context":"https:\/\/schema.org","@graph":[{"@type":"WebSite","@id":"http:\/\/jeanlouisploix.com\/#website","url":"http:\/\/jeanlouisploix.com\/","name":"jean louis ploix artiste peintre Fran\u00e7ais","description":"PLOIX Lumiere et mati\u00e9re","potentialAction":[{"@type":"SearchAction","target":{"@type":"EntryPoint","urlTemplate":"http:\/\/jeanlouisploix.com\/?s={search_term_string}"},"query-input":"required name=search_term_string"}],"inLanguage":"fr-FR"},{"@type":"ImageObject","@id":"https:\/\/jeanlouisploix.com\/index.php\/jean-louis-ploix-artiste-peintre\/#primaryimage","inLanguage":"fr-FR","url":"https:\/\/jeanlouisploix.com\/wp-content\/uploads\/2021\/07\/livre.jpg","contentUrl":"https:\/\/jeanlouisploix.com\/wp-content\/uploads\/2021\/07\/livre.jpg","width":1741,"height":646},{"@type":"WebPage","@id":"https:\/\/jeanlouisploix.com\/index.php\/jean-louis-ploix-artiste-peintre\/#webpage","url":"https:\/\/jeanlouisploix.com\/index.php\/jean-louis-ploix-artiste-peintre\/","name":"Actualit\u00e9s - jean louis ploix artiste peintre Fran\u00e7ais","isPartOf":{"@id":"http:\/\/jeanlouisploix.com\/#website"},"primaryImageOfPage":{"@id":"https:\/\/jeanlouisploix.com\/index.php\/jean-louis-ploix-artiste-peintre\/#primaryimage"},"datePublished":"2020-10-22T17:37:03+00:00","dateModified":"2022-10-02T18:20:01+00:00","breadcrumb":{"@id":"https:\/\/jeanlouisploix.com\/index.php\/jean-louis-ploix-artiste-peintre\/#breadcrumb"},"inLanguage":"fr-FR","potentialAction":[{"@type":"ReadAction","target":["https:\/\/jeanlouisploix.com\/index.php\/jean-louis-ploix-artiste-peintre\/"]}]},{"@type":"BreadcrumbList","@id":"https:\/\/jeanlouisploix.com\/index.php\/jean-louis-ploix-artiste-peintre\/#breadcrumb","itemListElement":[{"@type":"ListItem","position":1,"name":"Accueil","item":"http:\/\/jeanlouisploix.com\/"},{"@type":"ListItem","position":2,"name":"Actualit\u00e9s"}]}]}},"_links":{"self":[{"href":"https:\/\/jeanlouisploix.com\/index.php\/wp-json\/wp\/v2\/pages\/1063"}],"collection":[{"href":"https:\/\/jeanlouisploix.com\/index.php\/wp-json\/wp\/v2\/pages"}],"about":[{"href":"https:\/\/jeanlouisploix.com\/index.php\/wp-json\/wp\/v2\/types\/page"}],"author":[{"embeddable":true,"href":"https:\/\/jeanlouisploix.com\/index.php\/wp-json\/wp\/v2\/users\/1"}],"replies":[{"embeddable":true,"href":"https:\/\/jeanlouisploix.com\/index.php\/wp-json\/wp\/v2\/comments?post=1063"}],"version-history":[{"count":37,"href":"https:\/\/jeanlouisploix.com\/index.php\/wp-json\/wp\/v2\/pages\/1063\/revisions"}],"predecessor-version":[{"id":1136,"href":"https:\/\/jeanlouisploix.com\/index.php\/wp-json\/wp\/v2\/pages\/1063\/revisions\/1136"}],"wp:attachment":[{"href":"https:\/\/jeanlouisploix.com\/index.php\/wp-json\/wp\/v2\/media?parent=1063"}],"curies":[{"name":"wp","href":"https:\/\/api.w.org\/{rel}","templated":true}]}}