{"id":936,"date":"2020-10-21T13:49:01","date_gmt":"2020-10-21T13:49:01","guid":{"rendered":"https:\/\/jeanlouisploix.com\/?page_id=936"},"modified":"2020-10-22T09:12:03","modified_gmt":"2020-10-22T09:12:03","slug":"terre-de-reve","status":"publish","type":"page","link":"https:\/\/jeanlouisploix.com\/index.php\/terre-de-reve\/","title":{"rendered":"Terre de r\u00eave"},"content":{"rendered":"\t\t<div data-elementor-type=\"wp-post\" data-elementor-id=\"936\" class=\"elementor elementor-936\" data-elementor-settings=\"[]\">\n\t\t\t\t\t\t<div class=\"elementor-inner\">\n\t\t\t\t\t\t\t<div class=\"elementor-section-wrap\">\n\t\t\t\t\t\t\t<section class=\"elementor-section elementor-top-section elementor-element elementor-element-bbf904a elementor-section-content-middle elementor-section-boxed elementor-section-height-default elementor-section-height-default\" data-id=\"bbf904a\" data-element_type=\"section\" data-settings=\"{&quot;background_background&quot;:&quot;classic&quot;}\">\n\t\t\t\t\t\t\t<div class=\"elementor-background-overlay\"><\/div>\n\t\t\t\t\t\t\t<div class=\"elementor-container elementor-column-gap-no\">\n\t\t\t\t\t\t\t<div class=\"elementor-row\">\n\t\t\t\t\t<div class=\"elementor-column elementor-col-100 elementor-top-column elementor-element elementor-element-401f620\" data-id=\"401f620\" data-element_type=\"column\">\n\t\t\t<div class=\"elementor-column-wrap elementor-element-populated\">\n\t\t\t\t\t\t\t<div class=\"elementor-widget-wrap\">\n\t\t\t\t\t\t<div class=\"elementor-element elementor-element-def3ca5 elementor-widget elementor-widget-heading\" data-id=\"def3ca5\" data-element_type=\"widget\" data-widget_type=\"heading.default\">\n\t\t\t\t<div class=\"elementor-widget-container\">\n\t\t\t<h1 class=\"elementor-heading-title elementor-size-default\">terre de reve<\/h1>\t\t<\/div>\n\t\t\t\t<\/div>\n\t\t\t\t\t\t<\/div>\n\t\t\t\t\t<\/div>\n\t\t<\/div>\n\t\t\t\t\t\t\t\t<\/div>\n\t\t\t\t\t<\/div>\n\t\t<\/section>\n\t\t\t\t<section class=\"elementor-section elementor-top-section elementor-element elementor-element-b8f73dd elementor-section-stretched elementor-section-boxed elementor-section-height-default elementor-section-height-default\" data-id=\"b8f73dd\" data-element_type=\"section\" data-settings=\"{&quot;stretch_section&quot;:&quot;section-stretched&quot;}\">\n\t\t\t\t\t\t<div class=\"elementor-container elementor-column-gap-default\">\n\t\t\t\t\t\t\t<div class=\"elementor-row\">\n\t\t\t\t\t<div class=\"elementor-column elementor-col-100 elementor-top-column elementor-element elementor-element-f7e4d53\" data-id=\"f7e4d53\" data-element_type=\"column\">\n\t\t\t<div class=\"elementor-column-wrap elementor-element-populated\">\n\t\t\t\t\t\t\t<div class=\"elementor-widget-wrap\">\n\t\t\t\t\t\t<div class=\"elementor-element elementor-element-3eba348 elementor-widget elementor-widget-text-editor\" data-id=\"3eba348\" data-element_type=\"widget\" data-widget_type=\"text-editor.default\">\n\t\t\t\t<div class=\"elementor-widget-container\">\n\t\t\t\t\t\t\t\t<div class=\"elementor-text-editor elementor-clearfix\">\n\t\t\t\t\t<p style=\"text-align: center;\"><br><\/p>\n<p style=\"text-align: center;\">Terre d\u2019Or et de Feu Terre de contraste Terre de chaos racontant la source de la Cr\u00e9ation, la nuit cosmique, l\u2019\u0153uf cosmique.<\/p>\n<p style=\"text-align: center;\">Ses racines cherchent la mort profonde ; ses fleurs et ses feuilles cherchent la vie profonde qui se refl\u00e8te dans ce monde de feu. Monde o\u00f9 la terre se scarifie de sillons de sang,<\/p>\n<p style=\"text-align: center;\">se creuse de traces \u00e9carlates, chantant le voyage de la vie gouvern\u00e9e par une harmonie interne. Ces douze peintures ont r\u00e9colt\u00e9 quelques braises de ce buisson ardent t\u00e9moignant du feu de l\u2019amour\u2026<\/p>\n<p style=\"text-align: center;\"><strong>&nbsp;du mariage incandescent&nbsp;<\/strong><strong style=\"font-size: 15px;\">entre Terre et Ciel.<\/strong><\/p>\t\t\t\t\t<\/div>\n\t\t\t\t\t\t<\/div>\n\t\t\t\t<\/div>\n\t\t\t\t<div class=\"elementor-element elementor-element-f9b6965 elementor-arrows-position-inside elementor-pagination-position-outside elementor-widget elementor-widget-image-carousel\" data-id=\"f9b6965\" data-element_type=\"widget\" data-settings=\"{&quot;slides_to_show&quot;:&quot;1&quot;,&quot;effect&quot;:&quot;fade&quot;,&quot;navigation&quot;:&quot;both&quot;,&quot;autoplay&quot;:&quot;yes&quot;,&quot;pause_on_hover&quot;:&quot;yes&quot;,&quot;pause_on_interaction&quot;:&quot;yes&quot;,&quot;autoplay_speed&quot;:5000,&quot;infinite&quot;:&quot;yes&quot;,&quot;speed&quot;:500}\" data-widget_type=\"image-carousel.default\">\n\t\t\t\t<div class=\"elementor-widget-container\">\n\t\t\t\t\t<div class=\"elementor-image-carousel-wrapper swiper-container\" dir=\"ltr\">\n\t\t\t<div class=\"elementor-image-carousel swiper-wrapper\">\n\t\t\t\t<div class=\"swiper-slide\"><a data-elementor-open-lightbox=\"yes\" data-elementor-lightbox-slideshow=\"f9b6965\" data-elementor-lightbox-title=\"001 VITRAIL DU SOIR 25P\" href=\"https:\/\/jeanlouisploix.com\/wp-content\/uploads\/2020\/10\/001-VITRAIL-DU-SOIR-25P.jpg\"><figure class=\"swiper-slide-inner\"><img class=\"swiper-slide-image\" src=\"https:\/\/jeanlouisploix.com\/wp-content\/uploads\/2020\/10\/001-VITRAIL-DU-SOIR-25P-223x300.jpg\" alt=\"001 VITRAIL DU SOIR 25P\" \/><\/figure><\/a><\/div><div class=\"swiper-slide\"><a data-elementor-open-lightbox=\"yes\" data-elementor-lightbox-slideshow=\"f9b6965\" data-elementor-lightbox-title=\"002 ARABESQUE 15P\" href=\"https:\/\/jeanlouisploix.com\/wp-content\/uploads\/2020\/10\/002-ARABESQUE-15P.jpg\"><figure class=\"swiper-slide-inner\"><img class=\"swiper-slide-image\" src=\"https:\/\/jeanlouisploix.com\/wp-content\/uploads\/2020\/10\/002-ARABESQUE-15P-226x300.jpg\" alt=\"002 ARABESQUE 15P\" \/><\/figure><\/a><\/div><div class=\"swiper-slide\"><a data-elementor-open-lightbox=\"yes\" data-elementor-lightbox-slideshow=\"f9b6965\" data-elementor-lightbox-title=\"003 TALISMENT D&#039;EMERAUDE 12P\" href=\"https:\/\/jeanlouisploix.com\/wp-content\/uploads\/2020\/10\/003-TALISMENT-DEMERAUDE-12P.jpg\"><figure class=\"swiper-slide-inner\"><img class=\"swiper-slide-image\" src=\"https:\/\/jeanlouisploix.com\/wp-content\/uploads\/2020\/10\/003-TALISMENT-DEMERAUDE-12P-226x300.jpg\" alt=\"003 TALISMENT D&#039;EMERAUDE 12P\" \/><\/figure><\/a><\/div><div class=\"swiper-slide\"><a data-elementor-open-lightbox=\"yes\" data-elementor-lightbox-slideshow=\"f9b6965\" data-elementor-lightbox-title=\"004 AMETHYSTE 12P\" href=\"https:\/\/jeanlouisploix.com\/wp-content\/uploads\/2020\/10\/004-AMETHYSTE-12P.jpg\"><figure class=\"swiper-slide-inner\"><img class=\"swiper-slide-image\" src=\"https:\/\/jeanlouisploix.com\/wp-content\/uploads\/2020\/10\/004-AMETHYSTE-12P-227x300.jpg\" alt=\"004 AMETHYSTE 12P\" \/><\/figure><\/a><\/div><div class=\"swiper-slide\"><a data-elementor-open-lightbox=\"yes\" data-elementor-lightbox-slideshow=\"f9b6965\" data-elementor-lightbox-title=\"005 THEODOLITE 80X80\" href=\"https:\/\/jeanlouisploix.com\/wp-content\/uploads\/2020\/10\/005-THEODOLITE-80X80.jpg\"><figure class=\"swiper-slide-inner\"><img class=\"swiper-slide-image\" src=\"https:\/\/jeanlouisploix.com\/wp-content\/uploads\/2020\/10\/005-THEODOLITE-80X80-300x300.jpg\" alt=\"005 THEODOLITE 80X80\" \/><\/figure><\/a><\/div><div class=\"swiper-slide\"><a data-elementor-open-lightbox=\"yes\" data-elementor-lightbox-slideshow=\"f9b6965\" data-elementor-lightbox-title=\"006 FLEUR D&#039;AUBE 12P\" href=\"https:\/\/jeanlouisploix.com\/wp-content\/uploads\/2020\/10\/006-FLEUR-DAUBE-12P.jpg\"><figure class=\"swiper-slide-inner\"><img class=\"swiper-slide-image\" src=\"https:\/\/jeanlouisploix.com\/wp-content\/uploads\/2020\/10\/006-FLEUR-DAUBE-12P-224x300.jpg\" alt=\"006 FLEUR D&#039;AUBE 12P\" \/><\/figure><\/a><\/div><div class=\"swiper-slide\"><a data-elementor-open-lightbox=\"yes\" data-elementor-lightbox-slideshow=\"f9b6965\" data-elementor-lightbox-title=\"007 SPHINX 15P\" href=\"https:\/\/jeanlouisploix.com\/wp-content\/uploads\/2020\/10\/007-SPHINX-15P.jpg\"><figure class=\"swiper-slide-inner\"><img class=\"swiper-slide-image\" src=\"https:\/\/jeanlouisploix.com\/wp-content\/uploads\/2020\/10\/007-SPHINX-15P-231x300.jpg\" alt=\"007 SPHINX 15P\" \/><\/figure><\/a><\/div><div class=\"swiper-slide\"><a data-elementor-open-lightbox=\"yes\" data-elementor-lightbox-slideshow=\"f9b6965\" data-elementor-lightbox-title=\"008 HERBIER 15F\" href=\"https:\/\/jeanlouisploix.com\/wp-content\/uploads\/2020\/10\/008-HERBIER-15F.jpg\"><figure class=\"swiper-slide-inner\"><img class=\"swiper-slide-image\" src=\"https:\/\/jeanlouisploix.com\/wp-content\/uploads\/2020\/10\/008-HERBIER-15F-248x300.jpg\" alt=\"008 HERBIER 15F\" \/><\/figure><\/a><\/div><div class=\"swiper-slide\"><a data-elementor-open-lightbox=\"yes\" data-elementor-lightbox-slideshow=\"f9b6965\" data-elementor-lightbox-title=\"009 PARURE DU SOIR 100X100\" href=\"https:\/\/jeanlouisploix.com\/wp-content\/uploads\/2020\/10\/009-PARURE-DU-SOIR-100X100.jpg\"><figure class=\"swiper-slide-inner\"><img class=\"swiper-slide-image\" src=\"https:\/\/jeanlouisploix.com\/wp-content\/uploads\/2020\/10\/009-PARURE-DU-SOIR-100X100-300x300.jpg\" alt=\"009 PARURE DU SOIR 100X100\" \/><\/figure><\/a><\/div><div class=\"swiper-slide\"><a data-elementor-open-lightbox=\"yes\" data-elementor-lightbox-slideshow=\"f9b6965\" data-elementor-lightbox-title=\"0010 VENEZIA 15P\" href=\"https:\/\/jeanlouisploix.com\/wp-content\/uploads\/2020\/10\/0010-VENEZIA-15P.jpg\"><figure class=\"swiper-slide-inner\"><img class=\"swiper-slide-image\" src=\"https:\/\/jeanlouisploix.com\/wp-content\/uploads\/2020\/10\/0010-VENEZIA-15P-229x300.jpg\" alt=\"0010 VENEZIA 15P\" \/><\/figure><\/a><\/div><div class=\"swiper-slide\"><a data-elementor-open-lightbox=\"yes\" data-elementor-lightbox-slideshow=\"f9b6965\" data-elementor-lightbox-title=\"0011 LIVRE DE PIERRE 80X80\" href=\"https:\/\/jeanlouisploix.com\/wp-content\/uploads\/2020\/10\/0011-LIVRE-DE-PIERRE-80X80.jpg\"><figure class=\"swiper-slide-inner\"><img class=\"swiper-slide-image\" src=\"https:\/\/jeanlouisploix.com\/wp-content\/uploads\/2020\/10\/0011-LIVRE-DE-PIERRE-80X80-300x297.jpg\" alt=\"0011 LIVRE DE PIERRE 80X80\" \/><\/figure><\/a><\/div><div class=\"swiper-slide\"><a data-elementor-open-lightbox=\"yes\" data-elementor-lightbox-slideshow=\"f9b6965\" data-elementor-lightbox-title=\"0012 DIADEME 12P\" href=\"https:\/\/jeanlouisploix.com\/wp-content\/uploads\/2020\/10\/0012-DIADEME-12P.jpg\"><figure class=\"swiper-slide-inner\"><img class=\"swiper-slide-image\" src=\"https:\/\/jeanlouisploix.com\/wp-content\/uploads\/2020\/10\/0012-DIADEME-12P-225x300.jpg\" alt=\"0012 DIADEME 12P\" \/><\/figure><\/a><\/div>\t\t\t<\/div>\n\t\t\t\t\t\t\t\t\t\t\t\t<div class=\"swiper-pagination\"><\/div>\n\t\t\t\t\t\t\t\t\t\t\t\t\t<div class=\"elementor-swiper-button elementor-swiper-button-prev\">\n\t\t\t\t\t\t<i class=\"eicon-chevron-left\" aria-hidden=\"true\"><\/i>\n\t\t\t\t\t\t<span class=\"elementor-screen-only\">Pr\u00e9c\u00e9dent<\/span>\n\t\t\t\t\t<\/div>\n\t\t\t\t\t<div class=\"elementor-swiper-button elementor-swiper-button-next\">\n\t\t\t\t\t\t<i class=\"eicon-chevron-right\" aria-hidden=\"true\"><\/i>\n\t\t\t\t\t\t<span class=\"elementor-screen-only\">Suivant<\/span>\n\t\t\t\t\t<\/div>\n\t\t\t\t\t\t\t\t\t<\/div>\n\t\t\t\t<\/div>\n\t\t\t\t<\/div>\n\t\t\t\t\t\t<\/div>\n\t\t\t\t\t<\/div>\n\t\t<\/div>\n\t\t\t\t\t\t\t\t<\/div>\n\t\t\t\t\t<\/div>\n\t\t<\/section>\n\t\t\t\t\t\t<\/div>\n\t\t\t\t\t\t<\/div>\n\t\t\t\t\t<\/div>\n\t\t","protected":false},"excerpt":{"rendered":"<p>terre de reve Terre d\u2019Or et de Feu Terre de contraste Terre de chaos racontant la source de la Cr\u00e9ation, la nuit cosmique, l\u2019\u0153uf cosmique. Ses racines cherchent la mort profonde ; ses fleurs et ses feuilles cherchent la vie profonde qui se refl\u00e8te dans ce monde de feu. Monde o\u00f9 la terre se scarifie &hellip;<\/p>\n<p class=\"read-more\"> <a class=\"\" href=\"https:\/\/jeanlouisploix.com\/index.php\/terre-de-reve\/\"> <span class=\"screen-reader-text\">Terre de r\u00eave<\/span> Lire la suite\u00a0\u00bb<\/a><\/p>\n","protected":false},"author":1,"featured_media":0,"parent":0,"menu_order":0,"comment_status":"closed","ping_status":"closed","template":"","meta":{"_monsterinsights_skip_tracking":false,"_monsterinsights_sitenote_active":false,"_monsterinsights_sitenote_note":"","_monsterinsights_sitenote_category":0},"yoast_head":"<!-- This site is optimized with the Yoast SEO plugin v16.7 - https:\/\/yoast.com\/wordpress\/plugins\/seo\/ -->\n<title>Terre de r\u00eave - jean louis ploix artiste peintre Fran\u00e7ais<\/title>\n<meta name=\"robots\" content=\"index, follow, max-snippet:-1, max-image-preview:large, max-video-preview:-1\" \/>\n<link rel=\"canonical\" href=\"https:\/\/jeanlouisploix.com\/index.php\/terre-de-reve\/\" \/>\n<meta property=\"og:locale\" content=\"fr_FR\" \/>\n<meta property=\"og:type\" content=\"article\" \/>\n<meta property=\"og:title\" content=\"Terre de r\u00eave - jean louis ploix artiste peintre Fran\u00e7ais\" \/>\n<meta property=\"og:description\" content=\"terre de reve Terre d\u2019Or et de Feu Terre de contraste Terre de chaos racontant la source de la Cr\u00e9ation, la nuit cosmique, l\u2019\u0153uf cosmique. Ses racines cherchent la mort profonde ; ses fleurs et ses feuilles cherchent la vie profonde qui se refl\u00e8te dans ce monde de feu. Monde o\u00f9 la terre se scarifie &hellip; Terre de r\u00eave Lire la suite\u00a0\u00bb\" \/>\n<meta property=\"og:url\" content=\"https:\/\/jeanlouisploix.com\/index.php\/terre-de-reve\/\" \/>\n<meta property=\"og:site_name\" content=\"jean louis ploix artiste peintre Fran\u00e7ais\" \/>\n<meta property=\"article:modified_time\" content=\"2020-10-22T09:12:03+00:00\" \/>\n<meta property=\"og:image\" content=\"https:\/\/jeanlouisploix.com\/wp-content\/uploads\/2020\/10\/001-VITRAIL-DU-SOIR-25P-223x300.jpg\" \/>\n<meta name=\"twitter:card\" content=\"summary_large_image\" \/>\n<meta name=\"twitter:label1\" content=\"Dur\u00e9e de lecture est.\" \/>\n\t<meta name=\"twitter:data1\" content=\"1 minute\" \/>\n<script type=\"application\/ld+json\" class=\"yoast-schema-graph\">{\"@context\":\"https:\/\/schema.org\",\"@graph\":[{\"@type\":\"WebSite\",\"@id\":\"http:\/\/jeanlouisploix.com\/#website\",\"url\":\"http:\/\/jeanlouisploix.com\/\",\"name\":\"jean louis ploix artiste peintre Fran\\u00e7ais\",\"description\":\"PLOIX Lumiere et mati\\u00e9re\",\"potentialAction\":[{\"@type\":\"SearchAction\",\"target\":{\"@type\":\"EntryPoint\",\"urlTemplate\":\"http:\/\/jeanlouisploix.com\/?s={search_term_string}\"},\"query-input\":\"required name=search_term_string\"}],\"inLanguage\":\"fr-FR\"},{\"@type\":\"ImageObject\",\"@id\":\"https:\/\/jeanlouisploix.com\/index.php\/terre-de-reve\/#primaryimage\",\"inLanguage\":\"fr-FR\",\"url\":\"https:\/\/jeanlouisploix.com\/wp-content\/uploads\/2020\/10\/001-VITRAIL-DU-SOIR-25P-223x300.jpg\",\"contentUrl\":\"https:\/\/jeanlouisploix.com\/wp-content\/uploads\/2020\/10\/001-VITRAIL-DU-SOIR-25P-223x300.jpg\"},{\"@type\":\"WebPage\",\"@id\":\"https:\/\/jeanlouisploix.com\/index.php\/terre-de-reve\/#webpage\",\"url\":\"https:\/\/jeanlouisploix.com\/index.php\/terre-de-reve\/\",\"name\":\"Terre de r\\u00eave - jean louis ploix artiste peintre Fran\\u00e7ais\",\"isPartOf\":{\"@id\":\"http:\/\/jeanlouisploix.com\/#website\"},\"primaryImageOfPage\":{\"@id\":\"https:\/\/jeanlouisploix.com\/index.php\/terre-de-reve\/#primaryimage\"},\"datePublished\":\"2020-10-21T13:49:01+00:00\",\"dateModified\":\"2020-10-22T09:12:03+00:00\",\"breadcrumb\":{\"@id\":\"https:\/\/jeanlouisploix.com\/index.php\/terre-de-reve\/#breadcrumb\"},\"inLanguage\":\"fr-FR\",\"potentialAction\":[{\"@type\":\"ReadAction\",\"target\":[\"https:\/\/jeanlouisploix.com\/index.php\/terre-de-reve\/\"]}]},{\"@type\":\"BreadcrumbList\",\"@id\":\"https:\/\/jeanlouisploix.com\/index.php\/terre-de-reve\/#breadcrumb\",\"itemListElement\":[{\"@type\":\"ListItem\",\"position\":1,\"name\":\"Accueil\",\"item\":\"http:\/\/jeanlouisploix.com\/\"},{\"@type\":\"ListItem\",\"position\":2,\"name\":\"Terre de r\\u00eave\"}]}]}<\/script>\n<!-- \/ Yoast SEO plugin. -->","yoast_head_json":{"title":"Terre de r\u00eave - jean louis ploix artiste peintre Fran\u00e7ais","robots":{"index":"index","follow":"follow","max-snippet":"max-snippet:-1","max-image-preview":"max-image-preview:large","max-video-preview":"max-video-preview:-1"},"canonical":"https:\/\/jeanlouisploix.com\/index.php\/terre-de-reve\/","og_locale":"fr_FR","og_type":"article","og_title":"Terre de r\u00eave - jean louis ploix artiste peintre Fran\u00e7ais","og_description":"terre de reve Terre d\u2019Or et de Feu Terre de contraste Terre de chaos racontant la source de la Cr\u00e9ation, la nuit cosmique, l\u2019\u0153uf cosmique. Ses racines cherchent la mort profonde ; ses fleurs et ses feuilles cherchent la vie profonde qui se refl\u00e8te dans ce monde de feu. Monde o\u00f9 la terre se scarifie &hellip; Terre de r\u00eave Lire la suite\u00a0\u00bb","og_url":"https:\/\/jeanlouisploix.com\/index.php\/terre-de-reve\/","og_site_name":"jean louis ploix artiste peintre Fran\u00e7ais","article_modified_time":"2020-10-22T09:12:03+00:00","og_image":[{"url":"https:\/\/jeanlouisploix.com\/wp-content\/uploads\/2020\/10\/001-VITRAIL-DU-SOIR-25P-223x300.jpg"}],"twitter_card":"summary_large_image","twitter_misc":{"Dur\u00e9e de lecture est.":"1 minute"},"schema":{"@context":"https:\/\/schema.org","@graph":[{"@type":"WebSite","@id":"http:\/\/jeanlouisploix.com\/#website","url":"http:\/\/jeanlouisploix.com\/","name":"jean louis ploix artiste peintre Fran\u00e7ais","description":"PLOIX Lumiere et mati\u00e9re","potentialAction":[{"@type":"SearchAction","target":{"@type":"EntryPoint","urlTemplate":"http:\/\/jeanlouisploix.com\/?s={search_term_string}"},"query-input":"required name=search_term_string"}],"inLanguage":"fr-FR"},{"@type":"ImageObject","@id":"https:\/\/jeanlouisploix.com\/index.php\/terre-de-reve\/#primaryimage","inLanguage":"fr-FR","url":"https:\/\/jeanlouisploix.com\/wp-content\/uploads\/2020\/10\/001-VITRAIL-DU-SOIR-25P-223x300.jpg","contentUrl":"https:\/\/jeanlouisploix.com\/wp-content\/uploads\/2020\/10\/001-VITRAIL-DU-SOIR-25P-223x300.jpg"},{"@type":"WebPage","@id":"https:\/\/jeanlouisploix.com\/index.php\/terre-de-reve\/#webpage","url":"https:\/\/jeanlouisploix.com\/index.php\/terre-de-reve\/","name":"Terre de r\u00eave - jean louis ploix artiste peintre Fran\u00e7ais","isPartOf":{"@id":"http:\/\/jeanlouisploix.com\/#website"},"primaryImageOfPage":{"@id":"https:\/\/jeanlouisploix.com\/index.php\/terre-de-reve\/#primaryimage"},"datePublished":"2020-10-21T13:49:01+00:00","dateModified":"2020-10-22T09:12:03+00:00","breadcrumb":{"@id":"https:\/\/jeanlouisploix.com\/index.php\/terre-de-reve\/#breadcrumb"},"inLanguage":"fr-FR","potentialAction":[{"@type":"ReadAction","target":["https:\/\/jeanlouisploix.com\/index.php\/terre-de-reve\/"]}]},{"@type":"BreadcrumbList","@id":"https:\/\/jeanlouisploix.com\/index.php\/terre-de-reve\/#breadcrumb","itemListElement":[{"@type":"ListItem","position":1,"name":"Accueil","item":"http:\/\/jeanlouisploix.com\/"},{"@type":"ListItem","position":2,"name":"Terre de r\u00eave"}]}]}},"_links":{"self":[{"href":"https:\/\/jeanlouisploix.com\/index.php\/wp-json\/wp\/v2\/pages\/936"}],"collection":[{"href":"https:\/\/jeanlouisploix.com\/index.php\/wp-json\/wp\/v2\/pages"}],"about":[{"href":"https:\/\/jeanlouisploix.com\/index.php\/wp-json\/wp\/v2\/types\/page"}],"author":[{"embeddable":true,"href":"https:\/\/jeanlouisploix.com\/index.php\/wp-json\/wp\/v2\/users\/1"}],"replies":[{"embeddable":true,"href":"https:\/\/jeanlouisploix.com\/index.php\/wp-json\/wp\/v2\/comments?post=936"}],"version-history":[{"count":7,"href":"https:\/\/jeanlouisploix.com\/index.php\/wp-json\/wp\/v2\/pages\/936\/revisions"}],"predecessor-version":[{"id":1057,"href":"https:\/\/jeanlouisploix.com\/index.php\/wp-json\/wp\/v2\/pages\/936\/revisions\/1057"}],"wp:attachment":[{"href":"https:\/\/jeanlouisploix.com\/index.php\/wp-json\/wp\/v2\/media?parent=936"}],"curies":[{"name":"wp","href":"https:\/\/api.w.org\/{rel}","templated":true}]}}