{"id":949,"date":"2020-10-21T14:50:49","date_gmt":"2020-10-21T14:50:49","guid":{"rendered":"https:\/\/jeanlouisploix.com\/?page_id=949"},"modified":"2020-10-23T07:17:45","modified_gmt":"2020-10-23T07:17:45","slug":"emerveillement-jean-louis-ploix","status":"publish","type":"page","link":"https:\/\/jeanlouisploix.com\/index.php\/emerveillement-jean-louis-ploix\/","title":{"rendered":"Emerveillement"},"content":{"rendered":"\t\t<div data-elementor-type=\"wp-post\" data-elementor-id=\"949\" class=\"elementor elementor-949\" data-elementor-settings=\"[]\">\n\t\t\t\t\t\t<div class=\"elementor-inner\">\n\t\t\t\t\t\t\t<div class=\"elementor-section-wrap\">\n\t\t\t\t\t\t\t<section class=\"elementor-section elementor-top-section elementor-element elementor-element-bbf904a elementor-section-content-middle elementor-section-boxed elementor-section-height-default elementor-section-height-default\" data-id=\"bbf904a\" data-element_type=\"section\" data-settings=\"{&quot;background_background&quot;:&quot;classic&quot;}\">\n\t\t\t\t\t\t\t<div class=\"elementor-background-overlay\"><\/div>\n\t\t\t\t\t\t\t<div class=\"elementor-container elementor-column-gap-no\">\n\t\t\t\t\t\t\t<div class=\"elementor-row\">\n\t\t\t\t\t<div class=\"elementor-column elementor-col-100 elementor-top-column elementor-element elementor-element-401f620\" data-id=\"401f620\" data-element_type=\"column\">\n\t\t\t<div class=\"elementor-column-wrap elementor-element-populated\">\n\t\t\t\t\t\t\t<div class=\"elementor-widget-wrap\">\n\t\t\t\t\t\t<div class=\"elementor-element elementor-element-def3ca5 elementor-widget elementor-widget-heading\" data-id=\"def3ca5\" data-element_type=\"widget\" data-widget_type=\"heading.default\">\n\t\t\t\t<div class=\"elementor-widget-container\">\n\t\t\t<h1 class=\"elementor-heading-title elementor-size-default\">EMERVEILLEMENT<\/h1>\t\t<\/div>\n\t\t\t\t<\/div>\n\t\t\t\t\t\t<\/div>\n\t\t\t\t\t<\/div>\n\t\t<\/div>\n\t\t\t\t\t\t\t\t<\/div>\n\t\t\t\t\t<\/div>\n\t\t<\/section>\n\t\t\t\t<section class=\"elementor-section elementor-top-section elementor-element elementor-element-b8f73dd elementor-section-stretched elementor-section-boxed elementor-section-height-default elementor-section-height-default\" data-id=\"b8f73dd\" data-element_type=\"section\" data-settings=\"{&quot;stretch_section&quot;:&quot;section-stretched&quot;}\">\n\t\t\t\t\t\t<div class=\"elementor-container elementor-column-gap-default\">\n\t\t\t\t\t\t\t<div class=\"elementor-row\">\n\t\t\t\t\t<div class=\"elementor-column elementor-col-100 elementor-top-column elementor-element elementor-element-f7e4d53\" data-id=\"f7e4d53\" data-element_type=\"column\">\n\t\t\t<div class=\"elementor-column-wrap elementor-element-populated\">\n\t\t\t\t\t\t\t<div class=\"elementor-widget-wrap\">\n\t\t\t\t\t\t<div class=\"elementor-element elementor-element-3eba348 elementor-widget elementor-widget-text-editor\" data-id=\"3eba348\" data-element_type=\"widget\" data-widget_type=\"text-editor.default\">\n\t\t\t\t<div class=\"elementor-widget-container\">\n\t\t\t\t\t\t\t\t<div class=\"elementor-text-editor elementor-clearfix\">\n\t\t\t\t\t<p style=\"text-align: center;\">\u00a0<\/p><p style=\"text-align: center;\">Dans le reflet des \u00e9tangs, \u00e0 travers les vall\u00e9es, au profond des for\u00eats, au-dessus des mers scintillantes, par-del\u00e0 le soleil, par-del\u00e0 les confins des sph\u00e8res \u00e9toil\u00e9es,<\/p><p style=\"text-align: center;\">la Nature nous parle. Ecoutons son langage ! Elle \u00e9voque la beaut\u00e9 souffle la col\u00e8re, le chaos chuchote l\u2019ordre et la s\u00e9r\u00e9nit\u00e9.<\/p><p style=\"text-align: center;\">Elle nous parle de nous.<\/p><p style=\"text-align: center;\">Elle devient ce que nous sommes,<\/p><p style=\"text-align: center;\"><strong>fragile et \u00e9ph\u00e9m\u00e8re\u00a0!<\/strong><\/p>\t\t\t\t\t<\/div>\n\t\t\t\t\t\t<\/div>\n\t\t\t\t<\/div>\n\t\t\t\t<div class=\"elementor-element elementor-element-f9b6965 elementor-arrows-position-inside elementor-pagination-position-outside elementor-widget elementor-widget-image-carousel\" data-id=\"f9b6965\" data-element_type=\"widget\" data-settings=\"{&quot;slides_to_show&quot;:&quot;1&quot;,&quot;effect&quot;:&quot;fade&quot;,&quot;navigation&quot;:&quot;both&quot;,&quot;autoplay&quot;:&quot;yes&quot;,&quot;pause_on_hover&quot;:&quot;yes&quot;,&quot;pause_on_interaction&quot;:&quot;yes&quot;,&quot;autoplay_speed&quot;:5000,&quot;infinite&quot;:&quot;yes&quot;,&quot;speed&quot;:500}\" data-widget_type=\"image-carousel.default\">\n\t\t\t\t<div class=\"elementor-widget-container\">\n\t\t\t\t\t<div class=\"elementor-image-carousel-wrapper swiper-container\" dir=\"ltr\">\n\t\t\t<div class=\"elementor-image-carousel swiper-wrapper\">\n\t\t\t\t<div class=\"swiper-slide\"><a data-elementor-open-lightbox=\"yes\" data-elementor-lightbox-slideshow=\"f9b6965\" data-elementor-lightbox-title=\"001 SOUS LES PINS D&#039;AUTOMNE 10F\" href=\"https:\/\/jeanlouisploix.com\/wp-content\/uploads\/2020\/10\/001-SOUS-LES-PINS-DAUTOMNE-10F.jpg\"><figure class=\"swiper-slide-inner\"><img class=\"swiper-slide-image\" src=\"https:\/\/jeanlouisploix.com\/wp-content\/uploads\/2020\/10\/001-SOUS-LES-PINS-DAUTOMNE-10F-300x248.jpg\" alt=\"001 SOUS LES PINS D&#039;AUTOMNE 10F\" \/><\/figure><\/a><\/div><div class=\"swiper-slide\"><a data-elementor-open-lightbox=\"yes\" data-elementor-lightbox-slideshow=\"f9b6965\" data-elementor-lightbox-title=\"002 TOSCANE 50X50\" href=\"https:\/\/jeanlouisploix.com\/wp-content\/uploads\/2020\/10\/002-TOSCANE-50X50.jpeg\"><figure class=\"swiper-slide-inner\"><img class=\"swiper-slide-image\" src=\"https:\/\/jeanlouisploix.com\/wp-content\/uploads\/2020\/10\/002-TOSCANE-50X50-300x300.jpeg\" alt=\"002 TOSCANE 50X50\" \/><\/figure><\/a><\/div><div class=\"swiper-slide\"><a data-elementor-open-lightbox=\"yes\" data-elementor-lightbox-slideshow=\"f9b6965\" data-elementor-lightbox-title=\"003 GIVRE 60X60\" href=\"https:\/\/jeanlouisploix.com\/wp-content\/uploads\/2020\/10\/003-GIVRE-60X60.jpg\"><figure class=\"swiper-slide-inner\"><img class=\"swiper-slide-image\" src=\"https:\/\/jeanlouisploix.com\/wp-content\/uploads\/2020\/10\/003-GIVRE-60X60-300x300.jpg\" alt=\"003 GIVRE 60X60\" \/><\/figure><\/a><\/div><div class=\"swiper-slide\"><a data-elementor-open-lightbox=\"yes\" data-elementor-lightbox-slideshow=\"f9b6965\" data-elementor-lightbox-title=\"004 AU FIL DE L&#039;ARBRE 40P\" href=\"https:\/\/jeanlouisploix.com\/wp-content\/uploads\/2020\/10\/004-AU-FIL-DE-LARBRE-40P.jpg\"><figure class=\"swiper-slide-inner\"><img class=\"swiper-slide-image\" src=\"https:\/\/jeanlouisploix.com\/wp-content\/uploads\/2020\/10\/004-AU-FIL-DE-LARBRE-40P-242x300.jpg\" alt=\"004 AU FIL DE L&#039;ARBRE 40P\" \/><\/figure><\/a><\/div><div class=\"swiper-slide\"><a data-elementor-open-lightbox=\"yes\" data-elementor-lightbox-slideshow=\"f9b6965\" data-elementor-lightbox-title=\"005 LE SOLITAIRE 40P\" href=\"https:\/\/jeanlouisploix.com\/wp-content\/uploads\/2020\/10\/005-LE-SOLITAIRE-40P.jpg\"><figure class=\"swiper-slide-inner\"><img class=\"swiper-slide-image\" src=\"https:\/\/jeanlouisploix.com\/wp-content\/uploads\/2020\/10\/005-LE-SOLITAIRE-40P-300x217.jpg\" alt=\"005 LE SOLITAIRE 40P\" \/><\/figure><\/a><\/div><div class=\"swiper-slide\"><a data-elementor-open-lightbox=\"yes\" data-elementor-lightbox-slideshow=\"f9b6965\" data-elementor-lightbox-title=\"006 CYPRES 50X50\" href=\"https:\/\/jeanlouisploix.com\/wp-content\/uploads\/2020\/10\/006-CYPRES-50X50.jpg\"><figure class=\"swiper-slide-inner\"><img class=\"swiper-slide-image\" src=\"https:\/\/jeanlouisploix.com\/wp-content\/uploads\/2020\/10\/006-CYPRES-50X50-300x300.jpg\" alt=\"006 CYPRES 50X50\" \/><\/figure><\/a><\/div><div class=\"swiper-slide\"><a data-elementor-open-lightbox=\"yes\" data-elementor-lightbox-slideshow=\"f9b6965\" data-elementor-lightbox-title=\"007 MAREE BASSE 80M\" href=\"https:\/\/jeanlouisploix.com\/wp-content\/uploads\/2020\/10\/007-MAREE-BASSE-80M.jpg\"><figure class=\"swiper-slide-inner\"><img class=\"swiper-slide-image\" src=\"https:\/\/jeanlouisploix.com\/wp-content\/uploads\/2020\/10\/007-MAREE-BASSE-80M-300x179.jpg\" alt=\"007 MAREE BASSE 80M\" \/><\/figure><\/a><\/div><div class=\"swiper-slide\"><a data-elementor-open-lightbox=\"yes\" data-elementor-lightbox-slideshow=\"f9b6965\" data-elementor-lightbox-title=\"008 MIROIR DE LUNE 40P\" href=\"https:\/\/jeanlouisploix.com\/wp-content\/uploads\/2020\/10\/008-MIROIR-DE-LUNE-40P.jpg\"><figure class=\"swiper-slide-inner\"><img class=\"swiper-slide-image\" src=\"https:\/\/jeanlouisploix.com\/wp-content\/uploads\/2020\/10\/008-MIROIR-DE-LUNE-40P-300x218.jpg\" alt=\"008 MIROIR DE LUNE 40P\" \/><\/figure><\/a><\/div><div class=\"swiper-slide\"><a data-elementor-open-lightbox=\"yes\" data-elementor-lightbox-slideshow=\"f9b6965\" data-elementor-lightbox-title=\"009 REFLETS 40P\" href=\"https:\/\/jeanlouisploix.com\/wp-content\/uploads\/2020\/10\/009-REFLETS-40P.jpg\"><figure class=\"swiper-slide-inner\"><img class=\"swiper-slide-image\" src=\"https:\/\/jeanlouisploix.com\/wp-content\/uploads\/2020\/10\/009-REFLETS-40P-300x216.jpg\" alt=\"009 REFLETS 40P\" \/><\/figure><\/a><\/div><div class=\"swiper-slide\"><a data-elementor-open-lightbox=\"yes\" data-elementor-lightbox-slideshow=\"f9b6965\" data-elementor-lightbox-title=\"0010 CANAL 40X40\" href=\"https:\/\/jeanlouisploix.com\/wp-content\/uploads\/2020\/10\/0010-CANAL-40X40.jpg\"><figure class=\"swiper-slide-inner\"><img class=\"swiper-slide-image\" src=\"https:\/\/jeanlouisploix.com\/wp-content\/uploads\/2020\/10\/0010-CANAL-40X40-300x296.jpg\" alt=\"0010 CANAL 40X40\" \/><\/figure><\/a><\/div><div class=\"swiper-slide\"><a data-elementor-open-lightbox=\"yes\" data-elementor-lightbox-slideshow=\"f9b6965\" data-elementor-lightbox-title=\"0011 CREPUSCULE 20X20\" href=\"https:\/\/jeanlouisploix.com\/wp-content\/uploads\/2020\/10\/0011-CREPUSCULE-20X20-scaled.jpg\"><figure class=\"swiper-slide-inner\"><img class=\"swiper-slide-image\" src=\"https:\/\/jeanlouisploix.com\/wp-content\/uploads\/2020\/10\/0011-CREPUSCULE-20X20-scaled-300x298.jpg\" alt=\"0011 CREPUSCULE 20X20\" \/><\/figure><\/a><\/div><div class=\"swiper-slide\"><a data-elementor-open-lightbox=\"yes\" data-elementor-lightbox-slideshow=\"f9b6965\" data-elementor-lightbox-title=\"0012 CHAPELLE ENGLOUTIE 50X50\" href=\"https:\/\/jeanlouisploix.com\/wp-content\/uploads\/2020\/10\/0012-CHAPELLE-ENGLOUTIE-50X50.jpg\"><figure class=\"swiper-slide-inner\"><img class=\"swiper-slide-image\" src=\"https:\/\/jeanlouisploix.com\/wp-content\/uploads\/2020\/10\/0012-CHAPELLE-ENGLOUTIE-50X50-300x297.jpg\" alt=\"0012 CHAPELLE ENGLOUTIE 50X50\" \/><\/figure><\/a><\/div><div class=\"swiper-slide\"><a data-elementor-open-lightbox=\"yes\" data-elementor-lightbox-slideshow=\"f9b6965\" data-elementor-lightbox-title=\"0013 PONTE 60X60 CP\" href=\"https:\/\/jeanlouisploix.com\/wp-content\/uploads\/2020\/10\/0013-PONTE-60X60-CP.jpeg\"><figure class=\"swiper-slide-inner\"><img class=\"swiper-slide-image\" src=\"https:\/\/jeanlouisploix.com\/wp-content\/uploads\/2020\/10\/0013-PONTE-60X60-CP-298x300.jpeg\" alt=\"0013 PONTE 60X60 CP\" \/><\/figure><\/a><\/div><div class=\"swiper-slide\"><a data-elementor-open-lightbox=\"yes\" data-elementor-lightbox-slideshow=\"f9b6965\" data-elementor-lightbox-title=\"0014 VOILE D&#039;AURORE 30F\" href=\"https:\/\/jeanlouisploix.com\/wp-content\/uploads\/2020\/10\/0014-VOILE-DAURORE-30F.jpg\"><figure class=\"swiper-slide-inner\"><img class=\"swiper-slide-image\" src=\"https:\/\/jeanlouisploix.com\/wp-content\/uploads\/2020\/10\/0014-VOILE-DAURORE-30F-237x300.jpg\" alt=\"0014 VOILE D&#039;AURORE 30F\" \/><\/figure><\/a><\/div><div class=\"swiper-slide\"><a data-elementor-open-lightbox=\"yes\" data-elementor-lightbox-slideshow=\"f9b6965\" data-elementor-lightbox-title=\"0015 LAVANDE 60X60\" href=\"https:\/\/jeanlouisploix.com\/wp-content\/uploads\/2020\/10\/0015-LAVANDE-60X60.jpg\"><figure class=\"swiper-slide-inner\"><img class=\"swiper-slide-image\" src=\"https:\/\/jeanlouisploix.com\/wp-content\/uploads\/2020\/10\/0015-LAVANDE-60X60-300x294.jpg\" alt=\"0015 LAVANDE 60X60\" \/><\/figure><\/a><\/div><div class=\"swiper-slide\"><a data-elementor-open-lightbox=\"yes\" data-elementor-lightbox-slideshow=\"f9b6965\" data-elementor-lightbox-title=\"0016 SOIR D&#039;ORAGE 40P\" href=\"https:\/\/jeanlouisploix.com\/wp-content\/uploads\/2020\/10\/0016-SOIR-DORAGE-40P.jpg\"><figure class=\"swiper-slide-inner\"><img class=\"swiper-slide-image\" src=\"https:\/\/jeanlouisploix.com\/wp-content\/uploads\/2020\/10\/0016-SOIR-DORAGE-40P-300x218.jpg\" alt=\"0016 SOIR D&#039;ORAGE 40P\" \/><\/figure><\/a><\/div><div class=\"swiper-slide\"><a data-elementor-open-lightbox=\"yes\" data-elementor-lightbox-slideshow=\"f9b6965\" data-elementor-lightbox-title=\"0017 AMOUR 12P\" href=\"https:\/\/jeanlouisploix.com\/wp-content\/uploads\/2020\/10\/0017-AMOUR-12P-scaled.jpg\"><figure class=\"swiper-slide-inner\"><img class=\"swiper-slide-image\" src=\"https:\/\/jeanlouisploix.com\/wp-content\/uploads\/2020\/10\/0017-AMOUR-12P-scaled-300x206.jpg\" alt=\"0017 AMOUR 12P\" \/><\/figure><\/a><\/div>\t\t\t<\/div>\n\t\t\t\t\t\t\t\t\t\t\t\t<div class=\"swiper-pagination\"><\/div>\n\t\t\t\t\t\t\t\t\t\t\t\t\t<div class=\"elementor-swiper-button elementor-swiper-button-prev\">\n\t\t\t\t\t\t<i class=\"eicon-chevron-left\" aria-hidden=\"true\"><\/i>\n\t\t\t\t\t\t<span class=\"elementor-screen-only\">Pr\u00e9c\u00e9dent<\/span>\n\t\t\t\t\t<\/div>\n\t\t\t\t\t<div class=\"elementor-swiper-button elementor-swiper-button-next\">\n\t\t\t\t\t\t<i class=\"eicon-chevron-right\" aria-hidden=\"true\"><\/i>\n\t\t\t\t\t\t<span class=\"elementor-screen-only\">Suivant<\/span>\n\t\t\t\t\t<\/div>\n\t\t\t\t\t\t\t\t\t<\/div>\n\t\t\t\t<\/div>\n\t\t\t\t<\/div>\n\t\t\t\t\t\t<\/div>\n\t\t\t\t\t<\/div>\n\t\t<\/div>\n\t\t\t\t\t\t\t\t<\/div>\n\t\t\t\t\t<\/div>\n\t\t<\/section>\n\t\t\t\t\t\t<\/div>\n\t\t\t\t\t\t<\/div>\n\t\t\t\t\t<\/div>\n\t\t","protected":false},"excerpt":{"rendered":"<p>EMERVEILLEMENT Dans le reflet des \u00e9tangs, \u00e0 travers les vall\u00e9es, au profond des for\u00eats, au-dessus des mers scintillantes, par-del\u00e0 le soleil, par-del\u00e0 les confins des sph\u00e8res \u00e9toil\u00e9es, la Nature nous parle. Ecoutons son langage ! Elle \u00e9voque la beaut\u00e9 souffle la col\u00e8re, le chaos chuchote l\u2019ordre et la s\u00e9r\u00e9nit\u00e9. Elle nous parle de nous. Elle &hellip;<\/p>\n<p class=\"read-more\"> <a class=\"\" href=\"https:\/\/jeanlouisploix.com\/index.php\/emerveillement-jean-louis-ploix\/\"> <span class=\"screen-reader-text\">Emerveillement<\/span> Lire la suite\u00a0\u00bb<\/a><\/p>\n","protected":false},"author":1,"featured_media":0,"parent":0,"menu_order":0,"comment_status":"closed","ping_status":"closed","template":"","meta":{"_monsterinsights_skip_tracking":false,"_monsterinsights_sitenote_active":false,"_monsterinsights_sitenote_note":"","_monsterinsights_sitenote_category":0},"yoast_head":"<!-- This site is optimized with the Yoast SEO plugin v16.7 - https:\/\/yoast.com\/wordpress\/plugins\/seo\/ -->\n<title>Emerveillement - jean louis ploix artiste peintre Fran\u00e7ais<\/title>\n<meta name=\"description\" content=\"jean louis ploix artiste peintre emerveillement Emerveillement\" \/>\n<meta name=\"robots\" content=\"index, follow, max-snippet:-1, max-image-preview:large, max-video-preview:-1\" \/>\n<link rel=\"canonical\" href=\"http:\/\/jeanlouisploix.com\/index.php\/emerveillement-jean-louis-ploix\/\" \/>\n<meta property=\"og:locale\" content=\"fr_FR\" \/>\n<meta property=\"og:type\" content=\"article\" \/>\n<meta property=\"og:title\" content=\"Emerveillement - jean louis ploix artiste peintre Fran\u00e7ais\" \/>\n<meta property=\"og:description\" content=\"jean louis ploix artiste peintre emerveillement Emerveillement\" \/>\n<meta property=\"og:url\" content=\"http:\/\/jeanlouisploix.com\/index.php\/emerveillement-jean-louis-ploix\/\" \/>\n<meta property=\"og:site_name\" content=\"jean louis ploix artiste peintre Fran\u00e7ais\" \/>\n<meta property=\"article:modified_time\" content=\"2020-10-23T07:17:45+00:00\" \/>\n<meta property=\"og:image\" content=\"https:\/\/jeanlouisploix.com\/wp-content\/uploads\/2020\/10\/001-SOUS-LES-PINS-DAUTOMNE-10F-300x248.jpg\" \/>\n<meta name=\"twitter:card\" content=\"summary_large_image\" \/>\n<script type=\"application\/ld+json\" class=\"yoast-schema-graph\">{\"@context\":\"https:\/\/schema.org\",\"@graph\":[{\"@type\":\"WebSite\",\"@id\":\"http:\/\/jeanlouisploix.com\/#website\",\"url\":\"http:\/\/jeanlouisploix.com\/\",\"name\":\"jean louis ploix artiste peintre Fran\\u00e7ais\",\"description\":\"PLOIX Lumiere et mati\\u00e9re\",\"potentialAction\":[{\"@type\":\"SearchAction\",\"target\":{\"@type\":\"EntryPoint\",\"urlTemplate\":\"http:\/\/jeanlouisploix.com\/?s={search_term_string}\"},\"query-input\":\"required name=search_term_string\"}],\"inLanguage\":\"fr-FR\"},{\"@type\":\"ImageObject\",\"@id\":\"http:\/\/jeanlouisploix.com\/index.php\/emerveillement-jean-louis-ploix\/#primaryimage\",\"inLanguage\":\"fr-FR\",\"url\":\"https:\/\/jeanlouisploix.com\/wp-content\/uploads\/2020\/10\/001-SOUS-LES-PINS-DAUTOMNE-10F-300x248.jpg\",\"contentUrl\":\"https:\/\/jeanlouisploix.com\/wp-content\/uploads\/2020\/10\/001-SOUS-LES-PINS-DAUTOMNE-10F-300x248.jpg\"},{\"@type\":\"WebPage\",\"@id\":\"http:\/\/jeanlouisploix.com\/index.php\/emerveillement-jean-louis-ploix\/#webpage\",\"url\":\"http:\/\/jeanlouisploix.com\/index.php\/emerveillement-jean-louis-ploix\/\",\"name\":\"Emerveillement - jean louis ploix artiste peintre Fran\\u00e7ais\",\"isPartOf\":{\"@id\":\"http:\/\/jeanlouisploix.com\/#website\"},\"primaryImageOfPage\":{\"@id\":\"http:\/\/jeanlouisploix.com\/index.php\/emerveillement-jean-louis-ploix\/#primaryimage\"},\"datePublished\":\"2020-10-21T14:50:49+00:00\",\"dateModified\":\"2020-10-23T07:17:45+00:00\",\"description\":\"jean louis ploix artiste peintre emerveillement Emerveillement\",\"breadcrumb\":{\"@id\":\"http:\/\/jeanlouisploix.com\/index.php\/emerveillement-jean-louis-ploix\/#breadcrumb\"},\"inLanguage\":\"fr-FR\",\"potentialAction\":[{\"@type\":\"ReadAction\",\"target\":[\"http:\/\/jeanlouisploix.com\/index.php\/emerveillement-jean-louis-ploix\/\"]}]},{\"@type\":\"BreadcrumbList\",\"@id\":\"http:\/\/jeanlouisploix.com\/index.php\/emerveillement-jean-louis-ploix\/#breadcrumb\",\"itemListElement\":[{\"@type\":\"ListItem\",\"position\":1,\"name\":\"Accueil\",\"item\":\"http:\/\/jeanlouisploix.com\/\"},{\"@type\":\"ListItem\",\"position\":2,\"name\":\"Emerveillement\"}]}]}<\/script>\n<!-- \/ Yoast SEO plugin. -->","yoast_head_json":{"title":"Emerveillement - jean louis ploix artiste peintre Fran\u00e7ais","description":"jean louis ploix artiste peintre emerveillement Emerveillement","robots":{"index":"index","follow":"follow","max-snippet":"max-snippet:-1","max-image-preview":"max-image-preview:large","max-video-preview":"max-video-preview:-1"},"canonical":"http:\/\/jeanlouisploix.com\/index.php\/emerveillement-jean-louis-ploix\/","og_locale":"fr_FR","og_type":"article","og_title":"Emerveillement - jean louis ploix artiste peintre Fran\u00e7ais","og_description":"jean louis ploix artiste peintre emerveillement Emerveillement","og_url":"http:\/\/jeanlouisploix.com\/index.php\/emerveillement-jean-louis-ploix\/","og_site_name":"jean louis ploix artiste peintre Fran\u00e7ais","article_modified_time":"2020-10-23T07:17:45+00:00","og_image":[{"url":"https:\/\/jeanlouisploix.com\/wp-content\/uploads\/2020\/10\/001-SOUS-LES-PINS-DAUTOMNE-10F-300x248.jpg"}],"twitter_card":"summary_large_image","schema":{"@context":"https:\/\/schema.org","@graph":[{"@type":"WebSite","@id":"http:\/\/jeanlouisploix.com\/#website","url":"http:\/\/jeanlouisploix.com\/","name":"jean louis ploix artiste peintre Fran\u00e7ais","description":"PLOIX Lumiere et mati\u00e9re","potentialAction":[{"@type":"SearchAction","target":{"@type":"EntryPoint","urlTemplate":"http:\/\/jeanlouisploix.com\/?s={search_term_string}"},"query-input":"required name=search_term_string"}],"inLanguage":"fr-FR"},{"@type":"ImageObject","@id":"http:\/\/jeanlouisploix.com\/index.php\/emerveillement-jean-louis-ploix\/#primaryimage","inLanguage":"fr-FR","url":"https:\/\/jeanlouisploix.com\/wp-content\/uploads\/2020\/10\/001-SOUS-LES-PINS-DAUTOMNE-10F-300x248.jpg","contentUrl":"https:\/\/jeanlouisploix.com\/wp-content\/uploads\/2020\/10\/001-SOUS-LES-PINS-DAUTOMNE-10F-300x248.jpg"},{"@type":"WebPage","@id":"http:\/\/jeanlouisploix.com\/index.php\/emerveillement-jean-louis-ploix\/#webpage","url":"http:\/\/jeanlouisploix.com\/index.php\/emerveillement-jean-louis-ploix\/","name":"Emerveillement - jean louis ploix artiste peintre Fran\u00e7ais","isPartOf":{"@id":"http:\/\/jeanlouisploix.com\/#website"},"primaryImageOfPage":{"@id":"http:\/\/jeanlouisploix.com\/index.php\/emerveillement-jean-louis-ploix\/#primaryimage"},"datePublished":"2020-10-21T14:50:49+00:00","dateModified":"2020-10-23T07:17:45+00:00","description":"jean louis ploix artiste peintre emerveillement Emerveillement","breadcrumb":{"@id":"http:\/\/jeanlouisploix.com\/index.php\/emerveillement-jean-louis-ploix\/#breadcrumb"},"inLanguage":"fr-FR","potentialAction":[{"@type":"ReadAction","target":["http:\/\/jeanlouisploix.com\/index.php\/emerveillement-jean-louis-ploix\/"]}]},{"@type":"BreadcrumbList","@id":"http:\/\/jeanlouisploix.com\/index.php\/emerveillement-jean-louis-ploix\/#breadcrumb","itemListElement":[{"@type":"ListItem","position":1,"name":"Accueil","item":"http:\/\/jeanlouisploix.com\/"},{"@type":"ListItem","position":2,"name":"Emerveillement"}]}]}},"_links":{"self":[{"href":"https:\/\/jeanlouisploix.com\/index.php\/wp-json\/wp\/v2\/pages\/949"}],"collection":[{"href":"https:\/\/jeanlouisploix.com\/index.php\/wp-json\/wp\/v2\/pages"}],"about":[{"href":"https:\/\/jeanlouisploix.com\/index.php\/wp-json\/wp\/v2\/types\/page"}],"author":[{"embeddable":true,"href":"https:\/\/jeanlouisploix.com\/index.php\/wp-json\/wp\/v2\/users\/1"}],"replies":[{"embeddable":true,"href":"https:\/\/jeanlouisploix.com\/index.php\/wp-json\/wp\/v2\/comments?post=949"}],"version-history":[{"count":7,"href":"https:\/\/jeanlouisploix.com\/index.php\/wp-json\/wp\/v2\/pages\/949\/revisions"}],"predecessor-version":[{"id":1072,"href":"https:\/\/jeanlouisploix.com\/index.php\/wp-json\/wp\/v2\/pages\/949\/revisions\/1072"}],"wp:attachment":[{"href":"https:\/\/jeanlouisploix.com\/index.php\/wp-json\/wp\/v2\/media?parent=949"}],"curies":[{"name":"wp","href":"https:\/\/api.w.org\/{rel}","templated":true}]}}