{"id":964,"date":"2020-10-21T14:54:18","date_gmt":"2020-10-21T14:54:18","guid":{"rendered":"https:\/\/jeanlouisploix.com\/?page_id=964"},"modified":"2020-10-23T07:22:31","modified_gmt":"2020-10-23T07:22:31","slug":"passage","status":"publish","type":"page","link":"https:\/\/jeanlouisploix.com\/index.php\/passage\/","title":{"rendered":"Passage"},"content":{"rendered":"\t\t<div data-elementor-type=\"wp-post\" data-elementor-id=\"964\" class=\"elementor elementor-964\" data-elementor-settings=\"[]\">\n\t\t\t\t\t\t<div class=\"elementor-inner\">\n\t\t\t\t\t\t\t<div class=\"elementor-section-wrap\">\n\t\t\t\t\t\t\t<section class=\"elementor-section elementor-top-section elementor-element elementor-element-bbf904a elementor-section-content-middle elementor-section-boxed elementor-section-height-default elementor-section-height-default\" data-id=\"bbf904a\" data-element_type=\"section\" data-settings=\"{&quot;background_background&quot;:&quot;classic&quot;}\">\n\t\t\t\t\t\t\t<div class=\"elementor-background-overlay\"><\/div>\n\t\t\t\t\t\t\t<div class=\"elementor-container elementor-column-gap-no\">\n\t\t\t\t\t\t\t<div class=\"elementor-row\">\n\t\t\t\t\t<div class=\"elementor-column elementor-col-100 elementor-top-column elementor-element elementor-element-401f620\" data-id=\"401f620\" data-element_type=\"column\">\n\t\t\t<div class=\"elementor-column-wrap elementor-element-populated\">\n\t\t\t\t\t\t\t<div class=\"elementor-widget-wrap\">\n\t\t\t\t\t\t<div class=\"elementor-element elementor-element-def3ca5 elementor-widget elementor-widget-heading\" data-id=\"def3ca5\" data-element_type=\"widget\" data-widget_type=\"heading.default\">\n\t\t\t\t<div class=\"elementor-widget-container\">\n\t\t\t<h1 class=\"elementor-heading-title elementor-size-default\">PASSAGE<\/h1>\t\t<\/div>\n\t\t\t\t<\/div>\n\t\t\t\t\t\t<\/div>\n\t\t\t\t\t<\/div>\n\t\t<\/div>\n\t\t\t\t\t\t\t\t<\/div>\n\t\t\t\t\t<\/div>\n\t\t<\/section>\n\t\t\t\t<section class=\"elementor-section elementor-top-section elementor-element elementor-element-b8f73dd elementor-section-stretched elementor-section-boxed elementor-section-height-default elementor-section-height-default\" data-id=\"b8f73dd\" data-element_type=\"section\" data-settings=\"{&quot;stretch_section&quot;:&quot;section-stretched&quot;}\">\n\t\t\t\t\t\t<div class=\"elementor-container elementor-column-gap-default\">\n\t\t\t\t\t\t\t<div class=\"elementor-row\">\n\t\t\t\t\t<div class=\"elementor-column elementor-col-100 elementor-top-column elementor-element elementor-element-f7e4d53\" data-id=\"f7e4d53\" data-element_type=\"column\">\n\t\t\t<div class=\"elementor-column-wrap elementor-element-populated\">\n\t\t\t\t\t\t\t<div class=\"elementor-widget-wrap\">\n\t\t\t\t\t\t<div class=\"elementor-element elementor-element-3eba348 elementor-widget elementor-widget-text-editor\" data-id=\"3eba348\" data-element_type=\"widget\" data-widget_type=\"text-editor.default\">\n\t\t\t\t<div class=\"elementor-widget-container\">\n\t\t\t\t\t\t\t\t<div class=\"elementor-text-editor elementor-clearfix\">\n\t\t\t\t\t<p style=\"text-align: center;\">\u00a0<\/p><p style=\"text-align: center;\">Dans la cr\u00e9ation l\u2019Homme tient une place singuli\u00e8re. La mort est la part d\u2019h\u00e9ritage commune \u00e0 tous les \u00eatres.<\/p><p style=\"text-align: center;\">Les animaux et les plantes ne savent cependant, apparemment rien de ce destin. L\u2019Homme sait. Lui SEUL, sait qu\u2019il doit mourir.<\/p><p style=\"text-align: center;\">Celui qui est mortel, ne devrait pas poss\u00e9der ce savoir, car c\u2019est celui des Dieux ! Tel est la condition humaine.<\/p><p style=\"text-align: center;\"><strong>L\u2019Homme en sait trop\u2026 <\/strong><\/p><p style=\"text-align: center;\"><strong>ou trop peu\u00a0!<\/strong><\/p><p style=\"text-align: center;\">Prot\u00e9g\u00e9 par les gardiens du seuil, il tourne son regard vers le Ciel, l\u2019interroge, le scrute, le supplie pour que, lui aussi, devienne Immortel\u00a0!<\/p><p style=\"text-align: center;\">Aveugle encore, il court vers son destin ; alors il peint, il peint le passage, il peint le Styx ; gravant ainsi dans la toile..<\/p><p style=\"text-align: center;\"><strong>la question sans r\u00e9ponse.<\/strong><\/p>\t\t\t\t\t<\/div>\n\t\t\t\t\t\t<\/div>\n\t\t\t\t<\/div>\n\t\t\t\t<div class=\"elementor-element elementor-element-f9b6965 elementor-arrows-position-inside elementor-pagination-position-outside elementor-widget elementor-widget-image-carousel\" data-id=\"f9b6965\" data-element_type=\"widget\" data-settings=\"{&quot;slides_to_show&quot;:&quot;1&quot;,&quot;effect&quot;:&quot;fade&quot;,&quot;navigation&quot;:&quot;both&quot;,&quot;autoplay&quot;:&quot;yes&quot;,&quot;pause_on_hover&quot;:&quot;yes&quot;,&quot;pause_on_interaction&quot;:&quot;yes&quot;,&quot;autoplay_speed&quot;:5000,&quot;infinite&quot;:&quot;yes&quot;,&quot;speed&quot;:500}\" data-widget_type=\"image-carousel.default\">\n\t\t\t\t<div class=\"elementor-widget-container\">\n\t\t\t\t\t<div class=\"elementor-image-carousel-wrapper swiper-container\" dir=\"ltr\">\n\t\t\t<div class=\"elementor-image-carousel swiper-wrapper\">\n\t\t\t\t<div class=\"swiper-slide\"><a data-elementor-open-lightbox=\"yes\" data-elementor-lightbox-slideshow=\"f9b6965\" data-elementor-lightbox-title=\"001 OMEGA 195X50\" href=\"https:\/\/jeanlouisploix.com\/wp-content\/uploads\/2020\/10\/001-OMEGA-195X50.jpg\"><figure class=\"swiper-slide-inner\"><img class=\"swiper-slide-image\" src=\"https:\/\/jeanlouisploix.com\/wp-content\/uploads\/2020\/10\/001-OMEGA-195X50-75x300.jpg\" alt=\"001 OMEGA 195X50\" \/><\/figure><\/a><\/div><div class=\"swiper-slide\"><a data-elementor-open-lightbox=\"yes\" data-elementor-lightbox-slideshow=\"f9b6965\" data-elementor-lightbox-title=\"002 ALPHA195X50\" href=\"https:\/\/jeanlouisploix.com\/wp-content\/uploads\/2020\/10\/002-ALPHA195X50.jpg\"><figure class=\"swiper-slide-inner\"><img class=\"swiper-slide-image\" src=\"https:\/\/jeanlouisploix.com\/wp-content\/uploads\/2020\/10\/002-ALPHA195X50-75x300.jpg\" alt=\"002 ALPHA195X50\" \/><\/figure><\/a><\/div><div class=\"swiper-slide\"><a data-elementor-open-lightbox=\"yes\" data-elementor-lightbox-slideshow=\"f9b6965\" data-elementor-lightbox-title=\"003 LE LIVRE DE THOT 100X100\" href=\"https:\/\/jeanlouisploix.com\/wp-content\/uploads\/2020\/10\/003-LE-LIVRE-DE-THOT-100X100.jpg\"><figure class=\"swiper-slide-inner\"><img class=\"swiper-slide-image\" src=\"https:\/\/jeanlouisploix.com\/wp-content\/uploads\/2020\/10\/003-LE-LIVRE-DE-THOT-100X100-300x300.jpg\" alt=\"003 LE LIVRE DE THOT 100X100\" \/><\/figure><\/a><\/div><div class=\"swiper-slide\"><a data-elementor-open-lightbox=\"yes\" data-elementor-lightbox-slideshow=\"f9b6965\" data-elementor-lightbox-title=\"004 PSAUME 60X60\" href=\"https:\/\/jeanlouisploix.com\/wp-content\/uploads\/2020\/10\/004-PSAUME-60X60.jpg\"><figure class=\"swiper-slide-inner\"><img class=\"swiper-slide-image\" src=\"https:\/\/jeanlouisploix.com\/wp-content\/uploads\/2020\/10\/004-PSAUME-60X60-300x300.jpg\" alt=\"004 PSAUME 60X60\" \/><\/figure><\/a><\/div><div class=\"swiper-slide\"><a data-elementor-open-lightbox=\"yes\" data-elementor-lightbox-slideshow=\"f9b6965\" data-elementor-lightbox-title=\"005 AILES DE VERRE 80X80\" href=\"https:\/\/jeanlouisploix.com\/wp-content\/uploads\/2020\/10\/005-AILES-DE-VERRE-80X80.jpg\"><figure class=\"swiper-slide-inner\"><img class=\"swiper-slide-image\" src=\"https:\/\/jeanlouisploix.com\/wp-content\/uploads\/2020\/10\/005-AILES-DE-VERRE-80X80-296x300.jpg\" alt=\"005 AILES DE VERRE 80X80\" \/><\/figure><\/a><\/div><div class=\"swiper-slide\"><a data-elementor-open-lightbox=\"yes\" data-elementor-lightbox-slideshow=\"f9b6965\" data-elementor-lightbox-title=\"006 A LA FRONTIERE DU R\u00caVE 80M\" href=\"https:\/\/jeanlouisploix.com\/wp-content\/uploads\/2020\/10\/006-A-LA-FRONTIERE-DU-REVE-80M.jpg\"><figure class=\"swiper-slide-inner\"><img class=\"swiper-slide-image\" src=\"https:\/\/jeanlouisploix.com\/wp-content\/uploads\/2020\/10\/006-A-LA-FRONTIERE-DU-REVE-80M-300x180.jpg\" alt=\"006 A LA FRONTIERE DU R\u00caVE 80M\" \/><\/figure><\/a><\/div><div class=\"swiper-slide\"><a data-elementor-open-lightbox=\"yes\" data-elementor-lightbox-slideshow=\"f9b6965\" data-elementor-lightbox-title=\"007 ECUME DE MER 50P\" href=\"https:\/\/jeanlouisploix.com\/wp-content\/uploads\/2020\/10\/007-ECUME-DE-MER-50P.jpg\"><figure class=\"swiper-slide-inner\"><img class=\"swiper-slide-image\" src=\"https:\/\/jeanlouisploix.com\/wp-content\/uploads\/2020\/10\/007-ECUME-DE-MER-50P-208x300.jpg\" alt=\"007 ECUME DE MER 50P\" \/><\/figure><\/a><\/div><div class=\"swiper-slide\"><a data-elementor-open-lightbox=\"yes\" data-elementor-lightbox-slideshow=\"f9b6965\" data-elementor-lightbox-title=\"008 LABOUR 40P\" href=\"https:\/\/jeanlouisploix.com\/wp-content\/uploads\/2020\/10\/008-LABOUR-40P.jpg\"><figure class=\"swiper-slide-inner\"><img class=\"swiper-slide-image\" src=\"https:\/\/jeanlouisploix.com\/wp-content\/uploads\/2020\/10\/008-LABOUR-40P-217x300.jpg\" alt=\"008 LABOUR 40P\" \/><\/figure><\/a><\/div><div class=\"swiper-slide\"><a data-elementor-open-lightbox=\"yes\" data-elementor-lightbox-slideshow=\"f9b6965\" data-elementor-lightbox-title=\"009 DANS LE SILLAGE DU VENT 150X80\" href=\"https:\/\/jeanlouisploix.com\/wp-content\/uploads\/2020\/10\/009-DANS-LE-SILLAGE-DU-VENT-150X80.jpg\"><figure class=\"swiper-slide-inner\"><img class=\"swiper-slide-image\" src=\"https:\/\/jeanlouisploix.com\/wp-content\/uploads\/2020\/10\/009-DANS-LE-SILLAGE-DU-VENT-150X80-156x300.jpg\" alt=\"009 DANS LE SILLAGE DU VENT 150X80\" \/><\/figure><\/a><\/div><div class=\"swiper-slide\"><a data-elementor-open-lightbox=\"yes\" data-elementor-lightbox-slideshow=\"f9b6965\" data-elementor-lightbox-title=\"0010 VERS LA LUMIERE 40P\" href=\"https:\/\/jeanlouisploix.com\/wp-content\/uploads\/2020\/10\/0010-VERS-LA-LUMIERE-40P.jpg\"><figure class=\"swiper-slide-inner\"><img class=\"swiper-slide-image\" src=\"https:\/\/jeanlouisploix.com\/wp-content\/uploads\/2020\/10\/0010-VERS-LA-LUMIERE-40P-300x215.jpg\" alt=\"0010 VERS LA LUMIERE 40P\" \/><\/figure><\/a><\/div><div class=\"swiper-slide\"><a data-elementor-open-lightbox=\"yes\" data-elementor-lightbox-slideshow=\"f9b6965\" data-elementor-lightbox-title=\"0011 EVEIL120X60\" href=\"https:\/\/jeanlouisploix.com\/wp-content\/uploads\/2020\/10\/0011-EVEIL120X60.jpg\"><figure class=\"swiper-slide-inner\"><img class=\"swiper-slide-image\" src=\"https:\/\/jeanlouisploix.com\/wp-content\/uploads\/2020\/10\/0011-EVEIL120X60-300x146.jpg\" alt=\"0011 EVEIL120X60\" \/><\/figure><\/a><\/div><div class=\"swiper-slide\"><a data-elementor-open-lightbox=\"yes\" data-elementor-lightbox-slideshow=\"f9b6965\" data-elementor-lightbox-title=\"0012 GERME D&#039;OR 80X80\" href=\"https:\/\/jeanlouisploix.com\/wp-content\/uploads\/2020\/10\/0012-GERME-DOR-80X80.jpg\"><figure class=\"swiper-slide-inner\"><img class=\"swiper-slide-image\" src=\"https:\/\/jeanlouisploix.com\/wp-content\/uploads\/2020\/10\/0012-GERME-DOR-80X80-300x300.jpg\" alt=\"0012 GERME D&#039;OR 80X80\" \/><\/figure><\/a><\/div><div class=\"swiper-slide\"><a data-elementor-open-lightbox=\"yes\" data-elementor-lightbox-slideshow=\"f9b6965\" data-elementor-lightbox-title=\"0013 VOYANTE 15F CP\" href=\"https:\/\/jeanlouisploix.com\/wp-content\/uploads\/2020\/10\/0013-VOYANTE-15F-CP.jpg\"><figure class=\"swiper-slide-inner\"><img class=\"swiper-slide-image\" src=\"https:\/\/jeanlouisploix.com\/wp-content\/uploads\/2020\/10\/0013-VOYANTE-15F-CP-245x300.jpg\" alt=\"0013 VOYANTE 15F CP\" \/><\/figure><\/a><\/div><div class=\"swiper-slide\"><a data-elementor-open-lightbox=\"yes\" data-elementor-lightbox-slideshow=\"f9b6965\" data-elementor-lightbox-title=\"0014 BATTEMENT D&#039;AILES 60P\" href=\"https:\/\/jeanlouisploix.com\/wp-content\/uploads\/2020\/10\/0014-BATTEMENT-DAILES-60P.jpg\"><figure class=\"swiper-slide-inner\"><img class=\"swiper-slide-image\" src=\"https:\/\/jeanlouisploix.com\/wp-content\/uploads\/2020\/10\/0014-BATTEMENT-DAILES-60P-220x300.jpg\" alt=\"0014 BATTEMENT D&#039;AILES 60P\" \/><\/figure><\/a><\/div><div class=\"swiper-slide\"><a data-elementor-open-lightbox=\"yes\" data-elementor-lightbox-slideshow=\"f9b6965\" data-elementor-lightbox-title=\"0015 LE GRAND AUGURE 30F CP\" href=\"https:\/\/jeanlouisploix.com\/wp-content\/uploads\/2020\/10\/0015-LE-GRAND-AUGURE-30F-CP.jpg\"><figure class=\"swiper-slide-inner\"><img class=\"swiper-slide-image\" src=\"https:\/\/jeanlouisploix.com\/wp-content\/uploads\/2020\/10\/0015-LE-GRAND-AUGURE-30F-CP-238x300.jpg\" alt=\"0015 LE GRAND AUGURE 30F CP\" \/><\/figure><\/a><\/div><div class=\"swiper-slide\"><a data-elementor-open-lightbox=\"yes\" data-elementor-lightbox-slideshow=\"f9b6965\" data-elementor-lightbox-title=\"0016 L&#039;IMMORTEL 100M\" href=\"https:\/\/jeanlouisploix.com\/wp-content\/uploads\/2020\/10\/0016-LIMMORTEL-100M.jpg\"><figure class=\"swiper-slide-inner\"><img class=\"swiper-slide-image\" src=\"https:\/\/jeanlouisploix.com\/wp-content\/uploads\/2020\/10\/0016-LIMMORTEL-100M-177x300.jpg\" alt=\"0016 L&#039;IMMORTEL 100M\" \/><\/figure><\/a><\/div><div class=\"swiper-slide\"><a data-elementor-open-lightbox=\"yes\" data-elementor-lightbox-slideshow=\"f9b6965\" data-elementor-lightbox-title=\"0017 ACHERON 25P\" href=\"https:\/\/jeanlouisploix.com\/wp-content\/uploads\/2020\/10\/0017-ACHERON-25P.jpg\"><figure class=\"swiper-slide-inner\"><img class=\"swiper-slide-image\" src=\"https:\/\/jeanlouisploix.com\/wp-content\/uploads\/2020\/10\/0017-ACHERON-25P-242x300.jpg\" alt=\"0017 ACHERON 25P\" \/><\/figure><\/a><\/div><div class=\"swiper-slide\"><a data-elementor-open-lightbox=\"yes\" data-elementor-lightbox-slideshow=\"f9b6965\" data-elementor-lightbox-title=\"0018 LETHE 25F\" href=\"https:\/\/jeanlouisploix.com\/wp-content\/uploads\/2020\/10\/0018-LETHE-25F.jpg\"><figure class=\"swiper-slide-inner\"><img class=\"swiper-slide-image\" src=\"https:\/\/jeanlouisploix.com\/wp-content\/uploads\/2020\/10\/0018-LETHE-25F-213x300.jpg\" alt=\"0018 LETHE 25F\" \/><\/figure><\/a><\/div><div class=\"swiper-slide\"><a data-elementor-open-lightbox=\"yes\" data-elementor-lightbox-slideshow=\"f9b6965\" data-elementor-lightbox-title=\"0019 STYX 25F\" href=\"https:\/\/jeanlouisploix.com\/wp-content\/uploads\/2020\/10\/0019-STYX-25F.jpg\"><figure class=\"swiper-slide-inner\"><img class=\"swiper-slide-image\" src=\"https:\/\/jeanlouisploix.com\/wp-content\/uploads\/2020\/10\/0019-STYX-25F-240x300.jpg\" alt=\"0019 STYX 25F\" \/><\/figure><\/a><\/div><div class=\"swiper-slide\"><a data-elementor-open-lightbox=\"yes\" data-elementor-lightbox-slideshow=\"f9b6965\" data-elementor-lightbox-title=\"0020 RESURRECTION 80M\" href=\"https:\/\/jeanlouisploix.com\/wp-content\/uploads\/2020\/10\/0020-RESURRECTION-80M.jpg\"><figure class=\"swiper-slide-inner\"><img class=\"swiper-slide-image\" src=\"https:\/\/jeanlouisploix.com\/wp-content\/uploads\/2020\/10\/0020-RESURRECTION-80M-181x300.jpg\" alt=\"0020 RESURRECTION 80M\" \/><\/figure><\/a><\/div><div class=\"swiper-slide\"><a data-elementor-open-lightbox=\"yes\" data-elementor-lightbox-slideshow=\"f9b6965\" data-elementor-lightbox-title=\"0021 AURA 40P\" href=\"https:\/\/jeanlouisploix.com\/wp-content\/uploads\/2020\/10\/0021-AURA-40P.jpg\"><figure class=\"swiper-slide-inner\"><img class=\"swiper-slide-image\" src=\"https:\/\/jeanlouisploix.com\/wp-content\/uploads\/2020\/10\/0021-AURA-40P-218x300.jpg\" alt=\"0021 AURA 40P\" \/><\/figure><\/a><\/div>\t\t\t<\/div>\n\t\t\t\t\t\t\t\t\t\t\t\t<div class=\"swiper-pagination\"><\/div>\n\t\t\t\t\t\t\t\t\t\t\t\t\t<div class=\"elementor-swiper-button elementor-swiper-button-prev\">\n\t\t\t\t\t\t<i class=\"eicon-chevron-left\" aria-hidden=\"true\"><\/i>\n\t\t\t\t\t\t<span class=\"elementor-screen-only\">Pr\u00e9c\u00e9dent<\/span>\n\t\t\t\t\t<\/div>\n\t\t\t\t\t<div class=\"elementor-swiper-button elementor-swiper-button-next\">\n\t\t\t\t\t\t<i class=\"eicon-chevron-right\" aria-hidden=\"true\"><\/i>\n\t\t\t\t\t\t<span class=\"elementor-screen-only\">Suivant<\/span>\n\t\t\t\t\t<\/div>\n\t\t\t\t\t\t\t\t\t<\/div>\n\t\t\t\t<\/div>\n\t\t\t\t<\/div>\n\t\t\t\t\t\t<\/div>\n\t\t\t\t\t<\/div>\n\t\t<\/div>\n\t\t\t\t\t\t\t\t<\/div>\n\t\t\t\t\t<\/div>\n\t\t<\/section>\n\t\t\t\t\t\t<\/div>\n\t\t\t\t\t\t<\/div>\n\t\t\t\t\t<\/div>\n\t\t","protected":false},"excerpt":{"rendered":"<p>PASSAGE Dans la cr\u00e9ation l\u2019Homme tient une place singuli\u00e8re. La mort est la part d\u2019h\u00e9ritage commune \u00e0 tous les \u00eatres. Les animaux et les plantes ne savent cependant, apparemment rien de ce destin. L\u2019Homme sait. Lui SEUL, sait qu\u2019il doit mourir. Celui qui est mortel, ne devrait pas poss\u00e9der ce savoir, car c\u2019est celui des &hellip;<\/p>\n<p class=\"read-more\"> <a class=\"\" href=\"https:\/\/jeanlouisploix.com\/index.php\/passage\/\"> <span class=\"screen-reader-text\">Passage<\/span> Lire la suite\u00a0\u00bb<\/a><\/p>\n","protected":false},"author":1,"featured_media":0,"parent":0,"menu_order":0,"comment_status":"closed","ping_status":"closed","template":"","meta":{"_monsterinsights_skip_tracking":false,"_monsterinsights_sitenote_active":false,"_monsterinsights_sitenote_note":"","_monsterinsights_sitenote_category":0},"yoast_head":"<!-- This site is optimized with the Yoast SEO plugin v16.7 - https:\/\/yoast.com\/wordpress\/plugins\/seo\/ -->\n<title>Passage - jean louis ploix artiste peintre Fran\u00e7ais<\/title>\n<meta name=\"description\" content=\"jean louis ploix artiste peintre passage jean louis ploix artiste peintre Fran\u00e7ais\" \/>\n<meta name=\"robots\" content=\"index, follow, max-snippet:-1, max-image-preview:large, max-video-preview:-1\" \/>\n<link rel=\"canonical\" href=\"https:\/\/jeanlouisploix.com\/index.php\/passage\/\" \/>\n<meta property=\"og:locale\" content=\"fr_FR\" \/>\n<meta property=\"og:type\" content=\"article\" \/>\n<meta property=\"og:title\" content=\"Passage - jean louis ploix artiste peintre Fran\u00e7ais\" \/>\n<meta property=\"og:description\" content=\"jean louis ploix artiste peintre passage jean louis ploix artiste peintre Fran\u00e7ais\" \/>\n<meta property=\"og:url\" content=\"https:\/\/jeanlouisploix.com\/index.php\/passage\/\" \/>\n<meta property=\"og:site_name\" content=\"jean louis ploix artiste peintre Fran\u00e7ais\" \/>\n<meta property=\"article:modified_time\" content=\"2020-10-23T07:22:31+00:00\" \/>\n<meta property=\"og:image\" content=\"https:\/\/jeanlouisploix.com\/wp-content\/uploads\/2020\/10\/001-OMEGA-195X50-75x300.jpg\" \/>\n<meta name=\"twitter:card\" content=\"summary_large_image\" \/>\n<meta name=\"twitter:label1\" content=\"Dur\u00e9e de lecture est.\" \/>\n\t<meta name=\"twitter:data1\" content=\"1 minute\" \/>\n<script type=\"application\/ld+json\" class=\"yoast-schema-graph\">{\"@context\":\"https:\/\/schema.org\",\"@graph\":[{\"@type\":\"WebSite\",\"@id\":\"http:\/\/jeanlouisploix.com\/#website\",\"url\":\"http:\/\/jeanlouisploix.com\/\",\"name\":\"jean louis ploix artiste peintre Fran\\u00e7ais\",\"description\":\"PLOIX Lumiere et mati\\u00e9re\",\"potentialAction\":[{\"@type\":\"SearchAction\",\"target\":{\"@type\":\"EntryPoint\",\"urlTemplate\":\"http:\/\/jeanlouisploix.com\/?s={search_term_string}\"},\"query-input\":\"required name=search_term_string\"}],\"inLanguage\":\"fr-FR\"},{\"@type\":\"ImageObject\",\"@id\":\"https:\/\/jeanlouisploix.com\/index.php\/passage\/#primaryimage\",\"inLanguage\":\"fr-FR\",\"url\":\"https:\/\/jeanlouisploix.com\/wp-content\/uploads\/2020\/10\/001-OMEGA-195X50-75x300.jpg\",\"contentUrl\":\"https:\/\/jeanlouisploix.com\/wp-content\/uploads\/2020\/10\/001-OMEGA-195X50-75x300.jpg\"},{\"@type\":\"WebPage\",\"@id\":\"https:\/\/jeanlouisploix.com\/index.php\/passage\/#webpage\",\"url\":\"https:\/\/jeanlouisploix.com\/index.php\/passage\/\",\"name\":\"Passage - jean louis ploix artiste peintre Fran\\u00e7ais\",\"isPartOf\":{\"@id\":\"http:\/\/jeanlouisploix.com\/#website\"},\"primaryImageOfPage\":{\"@id\":\"https:\/\/jeanlouisploix.com\/index.php\/passage\/#primaryimage\"},\"datePublished\":\"2020-10-21T14:54:18+00:00\",\"dateModified\":\"2020-10-23T07:22:31+00:00\",\"description\":\"jean louis ploix artiste peintre passage jean louis ploix artiste peintre Fran\\u00e7ais\",\"breadcrumb\":{\"@id\":\"https:\/\/jeanlouisploix.com\/index.php\/passage\/#breadcrumb\"},\"inLanguage\":\"fr-FR\",\"potentialAction\":[{\"@type\":\"ReadAction\",\"target\":[\"https:\/\/jeanlouisploix.com\/index.php\/passage\/\"]}]},{\"@type\":\"BreadcrumbList\",\"@id\":\"https:\/\/jeanlouisploix.com\/index.php\/passage\/#breadcrumb\",\"itemListElement\":[{\"@type\":\"ListItem\",\"position\":1,\"name\":\"Accueil\",\"item\":\"http:\/\/jeanlouisploix.com\/\"},{\"@type\":\"ListItem\",\"position\":2,\"name\":\"Passage\"}]}]}<\/script>\n<!-- \/ Yoast SEO plugin. -->","yoast_head_json":{"title":"Passage - jean louis ploix artiste peintre Fran\u00e7ais","description":"jean louis ploix artiste peintre passage jean louis ploix artiste peintre Fran\u00e7ais","robots":{"index":"index","follow":"follow","max-snippet":"max-snippet:-1","max-image-preview":"max-image-preview:large","max-video-preview":"max-video-preview:-1"},"canonical":"https:\/\/jeanlouisploix.com\/index.php\/passage\/","og_locale":"fr_FR","og_type":"article","og_title":"Passage - jean louis ploix artiste peintre Fran\u00e7ais","og_description":"jean louis ploix artiste peintre passage jean louis ploix artiste peintre Fran\u00e7ais","og_url":"https:\/\/jeanlouisploix.com\/index.php\/passage\/","og_site_name":"jean louis ploix artiste peintre Fran\u00e7ais","article_modified_time":"2020-10-23T07:22:31+00:00","og_image":[{"url":"https:\/\/jeanlouisploix.com\/wp-content\/uploads\/2020\/10\/001-OMEGA-195X50-75x300.jpg"}],"twitter_card":"summary_large_image","twitter_misc":{"Dur\u00e9e de lecture est.":"1 minute"},"schema":{"@context":"https:\/\/schema.org","@graph":[{"@type":"WebSite","@id":"http:\/\/jeanlouisploix.com\/#website","url":"http:\/\/jeanlouisploix.com\/","name":"jean louis ploix artiste peintre Fran\u00e7ais","description":"PLOIX Lumiere et mati\u00e9re","potentialAction":[{"@type":"SearchAction","target":{"@type":"EntryPoint","urlTemplate":"http:\/\/jeanlouisploix.com\/?s={search_term_string}"},"query-input":"required name=search_term_string"}],"inLanguage":"fr-FR"},{"@type":"ImageObject","@id":"https:\/\/jeanlouisploix.com\/index.php\/passage\/#primaryimage","inLanguage":"fr-FR","url":"https:\/\/jeanlouisploix.com\/wp-content\/uploads\/2020\/10\/001-OMEGA-195X50-75x300.jpg","contentUrl":"https:\/\/jeanlouisploix.com\/wp-content\/uploads\/2020\/10\/001-OMEGA-195X50-75x300.jpg"},{"@type":"WebPage","@id":"https:\/\/jeanlouisploix.com\/index.php\/passage\/#webpage","url":"https:\/\/jeanlouisploix.com\/index.php\/passage\/","name":"Passage - jean louis ploix artiste peintre Fran\u00e7ais","isPartOf":{"@id":"http:\/\/jeanlouisploix.com\/#website"},"primaryImageOfPage":{"@id":"https:\/\/jeanlouisploix.com\/index.php\/passage\/#primaryimage"},"datePublished":"2020-10-21T14:54:18+00:00","dateModified":"2020-10-23T07:22:31+00:00","description":"jean louis ploix artiste peintre passage jean louis ploix artiste peintre Fran\u00e7ais","breadcrumb":{"@id":"https:\/\/jeanlouisploix.com\/index.php\/passage\/#breadcrumb"},"inLanguage":"fr-FR","potentialAction":[{"@type":"ReadAction","target":["https:\/\/jeanlouisploix.com\/index.php\/passage\/"]}]},{"@type":"BreadcrumbList","@id":"https:\/\/jeanlouisploix.com\/index.php\/passage\/#breadcrumb","itemListElement":[{"@type":"ListItem","position":1,"name":"Accueil","item":"http:\/\/jeanlouisploix.com\/"},{"@type":"ListItem","position":2,"name":"Passage"}]}]}},"_links":{"self":[{"href":"https:\/\/jeanlouisploix.com\/index.php\/wp-json\/wp\/v2\/pages\/964"}],"collection":[{"href":"https:\/\/jeanlouisploix.com\/index.php\/wp-json\/wp\/v2\/pages"}],"about":[{"href":"https:\/\/jeanlouisploix.com\/index.php\/wp-json\/wp\/v2\/types\/page"}],"author":[{"embeddable":true,"href":"https:\/\/jeanlouisploix.com\/index.php\/wp-json\/wp\/v2\/users\/1"}],"replies":[{"embeddable":true,"href":"https:\/\/jeanlouisploix.com\/index.php\/wp-json\/wp\/v2\/comments?post=964"}],"version-history":[{"count":7,"href":"https:\/\/jeanlouisploix.com\/index.php\/wp-json\/wp\/v2\/pages\/964\/revisions"}],"predecessor-version":[{"id":1075,"href":"https:\/\/jeanlouisploix.com\/index.php\/wp-json\/wp\/v2\/pages\/964\/revisions\/1075"}],"wp:attachment":[{"href":"https:\/\/jeanlouisploix.com\/index.php\/wp-json\/wp\/v2\/media?parent=964"}],"curies":[{"name":"wp","href":"https:\/\/api.w.org\/{rel}","templated":true}]}}